{"id":3248,"date":"2023-02-06T22:51:30","date_gmt":"2023-02-06T22:51:30","guid":{"rendered":"https:\/\/www.inter-medico.com\/product\/quanta-lite-elisa-autoimmunity-products\/"},"modified":"2023-07-06T18:29:58","modified_gmt":"2023-07-06T18:29:58","slug":"quanta-lite-elisa-auto-immunite","status":"publish","type":"product","link":"https:\/\/www.inter-medico.com\/fr\/product\/quanta-lite-elisa-auto-immunite\/","title":{"rendered":"Werfen QUANTA Lite ELISA auto-immunit\u00e9"},"content":{"rendered":"","protected":false},"excerpt":{"rendered":"<p>Les tests QUANTA Lite permettent la d\u00e9tection semi-quantitative d&#8217;auto-anticorps dans le s\u00e9rum humain pour diverses maladies. Des marqueurs uniques tels que PS\/PT, CCP3.1 et HMGCR aident les cliniciens \u00e0 identifier les patients \u00e0 haut risque et \u00e0 am\u00e9liorer la prise en charge des patients. La gamme de r\u00e9actifs QUANTA Lite est con\u00e7ue pour une utilisation facile pour les syst\u00e8mes manuels ou automatis\u00e9s, avec des temps d&#8217;incubation constants et de nombreux composants communs.<\/p>\n","protected":false},"featured_media":4557,"template":"","meta":{"_acf_changed":false},"product_cat":[],"class_list":["post-3248","product","type-product","status-publish","has-post-thumbnail","hentry","entry"],"acf":[],"yoast_head":"<!-- This site is optimized with the Yoast SEO plugin v27.5 - https:\/\/yoast.com\/product\/yoast-seo-wordpress\/ -->\n<title>Werfen QUANTA Lite ELISA auto-immunit\u00e9 - Inter Medico<\/title>\n<meta name=\"robots\" content=\"index, follow, max-snippet:-1, max-image-preview:large, max-video-preview:-1\" \/>\n<link rel=\"canonical\" href=\"https:\/\/www.inter-medico.com\/fr\/product\/quanta-lite-elisa-auto-immunite\/\" \/>\n<meta property=\"og:locale\" content=\"fr_FR\" \/>\n<meta property=\"og:type\" content=\"article\" \/>\n<meta property=\"og:title\" content=\"Werfen QUANTA Lite ELISA auto-immunit\u00e9 - Inter Medico\" \/>\n<meta property=\"og:description\" content=\"Les tests QUANTA Lite permettent la d\u00e9tection semi-quantitative d&#039;auto-anticorps dans le s\u00e9rum humain pour diverses maladies. Des marqueurs uniques tels que PS\/PT, CCP3.1 et HMGCR aident les cliniciens \u00e0 identifier les patients \u00e0 haut risque et \u00e0 am\u00e9liorer la prise en charge des patients. La gamme de r\u00e9actifs QUANTA Lite est con\u00e7ue pour une utilisation facile pour les syst\u00e8mes manuels ou automatis\u00e9s, avec des temps d&#039;incubation constants et de nombreux composants communs.\" \/>\n<meta property=\"og:url\" content=\"https:\/\/www.inter-medico.com\/fr\/product\/quanta-lite-elisa-auto-immunite\/\" \/>\n<meta property=\"og:site_name\" content=\"Inter Medico\" \/>\n<meta property=\"article:modified_time\" content=\"2023-07-06T18:29:58+00:00\" \/>\n<meta property=\"og:image\" content=\"https:\/\/www.inter-medico.com\/wp-content\/uploads\/2023\/02\/Quanta-Lite-components.jpg\" \/>\n\t<meta property=\"og:image:width\" content=\"1284\" \/>\n\t<meta property=\"og:image:height\" content=\"733\" \/>\n\t<meta property=\"og:image:type\" content=\"image\/jpeg\" \/>\n<meta name=\"twitter:card\" content=\"summary_large_image\" \/>\n<script type=\"application\/ld+json\" class=\"yoast-schema-graph\">{\"@context\":\"https:\\\/\\\/schema.org\",\"@graph\":[{\"@type\":\"WebPage\",\"@id\":\"https:\\\/\\\/www.inter-medico.com\\\/fr\\\/product\\\/quanta-lite-elisa-auto-immunite\\\/\",\"url\":\"https:\\\/\\\/www.inter-medico.com\\\/fr\\\/product\\\/quanta-lite-elisa-auto-immunite\\\/\",\"name\":\"Werfen QUANTA Lite ELISA auto-immunit\u00e9 - Inter Medico\",\"isPartOf\":{\"@id\":\"https:\\\/\\\/www.inter-medico.com\\\/fr\\\/#website\"},\"primaryImageOfPage\":{\"@id\":\"https:\\\/\\\/www.inter-medico.com\\\/fr\\\/product\\\/quanta-lite-elisa-auto-immunite\\\/#primaryimage\"},\"image\":{\"@id\":\"https:\\\/\\\/www.inter-medico.com\\\/fr\\\/product\\\/quanta-lite-elisa-auto-immunite\\\/#primaryimage\"},\"thumbnailUrl\":\"https:\\\/\\\/www.inter-medico.com\\\/wp-content\\\/uploads\\\/2023\\\/02\\\/Quanta-Lite-components.jpg\",\"datePublished\":\"2023-02-06T22:51:30+00:00\",\"dateModified\":\"2023-07-06T18:29:58+00:00\",\"inLanguage\":\"fr-FR\",\"potentialAction\":[{\"@type\":\"ReadAction\",\"target\":[\"https:\\\/\\\/www.inter-medico.com\\\/fr\\\/product\\\/quanta-lite-elisa-auto-immunite\\\/\"]}]},{\"@type\":\"ImageObject\",\"inLanguage\":\"fr-FR\",\"@id\":\"https:\\\/\\\/www.inter-medico.com\\\/fr\\\/product\\\/quanta-lite-elisa-auto-immunite\\\/#primaryimage\",\"url\":\"https:\\\/\\\/www.inter-medico.com\\\/wp-content\\\/uploads\\\/2023\\\/02\\\/Quanta-Lite-components.jpg\",\"contentUrl\":\"https:\\\/\\\/www.inter-medico.com\\\/wp-content\\\/uploads\\\/2023\\\/02\\\/Quanta-Lite-components.jpg\",\"width\":1284,\"height\":733},{\"@type\":\"WebSite\",\"@id\":\"https:\\\/\\\/www.inter-medico.com\\\/fr\\\/#website\",\"url\":\"https:\\\/\\\/www.inter-medico.com\\\/fr\\\/\",\"name\":\"Inter Medico\",\"description\":\"Focused on Solutions, Innovative Diagnostics\",\"potentialAction\":[{\"@type\":\"SearchAction\",\"target\":{\"@type\":\"EntryPoint\",\"urlTemplate\":\"https:\\\/\\\/www.inter-medico.com\\\/fr\\\/?s={search_term_string}\"},\"query-input\":{\"@type\":\"PropertyValueSpecification\",\"valueRequired\":true,\"valueName\":\"search_term_string\"}}],\"inLanguage\":\"fr-FR\"}]}<\/script>\n<!-- \/ Yoast SEO plugin. -->","yoast_head_json":{"title":"Werfen QUANTA Lite ELISA auto-immunit\u00e9 - Inter Medico","robots":{"index":"index","follow":"follow","max-snippet":"max-snippet:-1","max-image-preview":"max-image-preview:large","max-video-preview":"max-video-preview:-1"},"canonical":"https:\/\/www.inter-medico.com\/fr\/product\/quanta-lite-elisa-auto-immunite\/","og_locale":"fr_FR","og_type":"article","og_title":"Werfen QUANTA Lite ELISA auto-immunit\u00e9 - Inter Medico","og_description":"Les tests QUANTA Lite permettent la d\u00e9tection semi-quantitative d'auto-anticorps dans le s\u00e9rum humain pour diverses maladies. Des marqueurs uniques tels que PS\/PT, CCP3.1 et HMGCR aident les cliniciens \u00e0 identifier les patients \u00e0 haut risque et \u00e0 am\u00e9liorer la prise en charge des patients. La gamme de r\u00e9actifs QUANTA Lite est con\u00e7ue pour une utilisation facile pour les syst\u00e8mes manuels ou automatis\u00e9s, avec des temps d'incubation constants et de nombreux composants communs.","og_url":"https:\/\/www.inter-medico.com\/fr\/product\/quanta-lite-elisa-auto-immunite\/","og_site_name":"Inter Medico","article_modified_time":"2023-07-06T18:29:58+00:00","og_image":[{"width":1284,"height":733,"url":"https:\/\/www.inter-medico.com\/wp-content\/uploads\/2023\/02\/Quanta-Lite-components.jpg","type":"image\/jpeg"}],"twitter_card":"summary_large_image","schema":{"@context":"https:\/\/schema.org","@graph":[{"@type":"WebPage","@id":"https:\/\/www.inter-medico.com\/fr\/product\/quanta-lite-elisa-auto-immunite\/","url":"https:\/\/www.inter-medico.com\/fr\/product\/quanta-lite-elisa-auto-immunite\/","name":"Werfen QUANTA Lite ELISA auto-immunit\u00e9 - Inter Medico","isPartOf":{"@id":"https:\/\/www.inter-medico.com\/fr\/#website"},"primaryImageOfPage":{"@id":"https:\/\/www.inter-medico.com\/fr\/product\/quanta-lite-elisa-auto-immunite\/#primaryimage"},"image":{"@id":"https:\/\/www.inter-medico.com\/fr\/product\/quanta-lite-elisa-auto-immunite\/#primaryimage"},"thumbnailUrl":"https:\/\/www.inter-medico.com\/wp-content\/uploads\/2023\/02\/Quanta-Lite-components.jpg","datePublished":"2023-02-06T22:51:30+00:00","dateModified":"2023-07-06T18:29:58+00:00","inLanguage":"fr-FR","potentialAction":[{"@type":"ReadAction","target":["https:\/\/www.inter-medico.com\/fr\/product\/quanta-lite-elisa-auto-immunite\/"]}]},{"@type":"ImageObject","inLanguage":"fr-FR","@id":"https:\/\/www.inter-medico.com\/fr\/product\/quanta-lite-elisa-auto-immunite\/#primaryimage","url":"https:\/\/www.inter-medico.com\/wp-content\/uploads\/2023\/02\/Quanta-Lite-components.jpg","contentUrl":"https:\/\/www.inter-medico.com\/wp-content\/uploads\/2023\/02\/Quanta-Lite-components.jpg","width":1284,"height":733},{"@type":"WebSite","@id":"https:\/\/www.inter-medico.com\/fr\/#website","url":"https:\/\/www.inter-medico.com\/fr\/","name":"Inter Medico","description":"Focused on Solutions, Innovative Diagnostics","potentialAction":[{"@type":"SearchAction","target":{"@type":"EntryPoint","urlTemplate":"https:\/\/www.inter-medico.com\/fr\/?s={search_term_string}"},"query-input":{"@type":"PropertyValueSpecification","valueRequired":true,"valueName":"search_term_string"}}],"inLanguage":"fr-FR"}]}},"_links":{"self":[{"href":"https:\/\/www.inter-medico.com\/fr\/wp-json\/wp\/v2\/product\/3248","targetHints":{"allow":["GET"]}}],"collection":[{"href":"https:\/\/www.inter-medico.com\/fr\/wp-json\/wp\/v2\/product"}],"about":[{"href":"https:\/\/www.inter-medico.com\/fr\/wp-json\/wp\/v2\/types\/product"}],"wp:featuredmedia":[{"embeddable":true,"href":"https:\/\/www.inter-medico.com\/fr\/wp-json\/wp\/v2\/media\/4557"}],"wp:attachment":[{"href":"https:\/\/www.inter-medico.com\/fr\/wp-json\/wp\/v2\/media?parent=3248"}],"wp:term":[{"taxonomy":"product_cat","embeddable":true,"href":"https:\/\/www.inter-medico.com\/fr\/wp-json\/wp\/v2\/product_cat?post=3248"}],"curies":[{"name":"wp","href":"https:\/\/api.w.org\/{rel}","templated":true}]}}