{"id":3265,"date":"2023-02-06T23:01:58","date_gmt":"2023-02-06T23:01:58","guid":{"rendered":"https:\/\/www.inter-medico.com\/product\/cellular-allergy-products\/"},"modified":"2023-07-06T18:16:45","modified_gmt":"2023-07-06T18:16:45","slug":"produits-allergies-en-tube-cast","status":"publish","type":"product","link":"https:\/\/www.inter-medico.com\/fr\/product\/produits-allergies-en-tube-cast\/","title":{"rendered":"Produits d&#8217;allergies en tube CAST\u00ae"},"content":{"rendered":"","protected":false},"excerpt":{"rendered":"<p>L\u00e0 o\u00f9 des IgE sp\u00e9cifiques ne parviennent pas \u00e0 d\u00e9montrer une fiabilit\u00e9 diagnostique absolue, en particulier dans les r\u00e9actions plus complexes telles que les allergies aux m\u00e9dicaments, au venin ou aux aliments, B\u00dcHLMANN a la solution &#8211; la gamme compl\u00e8te de diagnostics d&#8217;allergie cellulaire.<\/p>\n","protected":false},"featured_media":4543,"template":"","meta":{"_acf_changed":false},"product_cat":[40],"class_list":["post-3265","product","type-product","status-publish","has-post-thumbnail","hentry","product_cat-clinical-biochemistry-fr","entry"],"acf":[],"yoast_head":"<!-- This site is optimized with the Yoast SEO plugin v27.2 - https:\/\/yoast.com\/product\/yoast-seo-wordpress\/ -->\n<title>Produits d&#039;allergies en tube CAST\u00ae - Inter Medico<\/title>\n<meta name=\"robots\" content=\"index, follow, max-snippet:-1, max-image-preview:large, max-video-preview:-1\" \/>\n<link rel=\"canonical\" href=\"https:\/\/www.inter-medico.com\/fr\/product\/produits-allergies-en-tube-cast\/\" \/>\n<meta property=\"og:locale\" content=\"fr_FR\" \/>\n<meta property=\"og:type\" content=\"article\" \/>\n<meta property=\"og:title\" content=\"Produits d&#039;allergies en tube CAST\u00ae - Inter Medico\" \/>\n<meta property=\"og:description\" content=\"L\u00e0 o\u00f9 des IgE sp\u00e9cifiques ne parviennent pas \u00e0 d\u00e9montrer une fiabilit\u00e9 diagnostique absolue, en particulier dans les r\u00e9actions plus complexes telles que les allergies aux m\u00e9dicaments, au venin ou aux aliments, B\u00dcHLMANN a la solution - la gamme compl\u00e8te de diagnostics d&#039;allergie cellulaire.\" \/>\n<meta property=\"og:url\" content=\"https:\/\/www.inter-medico.com\/fr\/product\/produits-allergies-en-tube-cast\/\" \/>\n<meta property=\"og:site_name\" content=\"Inter Medico\" \/>\n<meta property=\"article:modified_time\" content=\"2023-07-06T18:16:45+00:00\" \/>\n<meta property=\"og:image\" content=\"https:\/\/www.inter-medico.com\/wp-content\/uploads\/2023\/02\/BAT-4.jpg\" \/>\n\t<meta property=\"og:image:width\" content=\"1500\" \/>\n\t<meta property=\"og:image:height\" content=\"1000\" \/>\n\t<meta property=\"og:image:type\" content=\"image\/jpeg\" \/>\n<meta name=\"twitter:card\" content=\"summary_large_image\" \/>\n<script type=\"application\/ld+json\" class=\"yoast-schema-graph\">{\"@context\":\"https:\/\/schema.org\",\"@graph\":[{\"@type\":\"WebPage\",\"@id\":\"https:\/\/www.inter-medico.com\/fr\/product\/produits-allergies-en-tube-cast\/\",\"url\":\"https:\/\/www.inter-medico.com\/fr\/product\/produits-allergies-en-tube-cast\/\",\"name\":\"Produits d'allergies en tube CAST\u00ae - Inter Medico\",\"isPartOf\":{\"@id\":\"https:\/\/www.inter-medico.com\/fr\/#website\"},\"primaryImageOfPage\":{\"@id\":\"https:\/\/www.inter-medico.com\/fr\/product\/produits-allergies-en-tube-cast\/#primaryimage\"},\"image\":{\"@id\":\"https:\/\/www.inter-medico.com\/fr\/product\/produits-allergies-en-tube-cast\/#primaryimage\"},\"thumbnailUrl\":\"https:\/\/www.inter-medico.com\/wp-content\/uploads\/2023\/02\/BAT-4.jpg\",\"datePublished\":\"2023-02-06T23:01:58+00:00\",\"dateModified\":\"2023-07-06T18:16:45+00:00\",\"inLanguage\":\"fr-FR\",\"potentialAction\":[{\"@type\":\"ReadAction\",\"target\":[\"https:\/\/www.inter-medico.com\/fr\/product\/produits-allergies-en-tube-cast\/\"]}]},{\"@type\":\"ImageObject\",\"inLanguage\":\"fr-FR\",\"@id\":\"https:\/\/www.inter-medico.com\/fr\/product\/produits-allergies-en-tube-cast\/#primaryimage\",\"url\":\"https:\/\/www.inter-medico.com\/wp-content\/uploads\/2023\/02\/BAT-4.jpg\",\"contentUrl\":\"https:\/\/www.inter-medico.com\/wp-content\/uploads\/2023\/02\/BAT-4.jpg\",\"width\":1500,\"height\":1000},{\"@type\":\"WebSite\",\"@id\":\"https:\/\/www.inter-medico.com\/fr\/#website\",\"url\":\"https:\/\/www.inter-medico.com\/fr\/\",\"name\":\"Inter Medico\",\"description\":\"Focused on Solutions, Innovative Diagnostics\",\"potentialAction\":[{\"@type\":\"SearchAction\",\"target\":{\"@type\":\"EntryPoint\",\"urlTemplate\":\"https:\/\/www.inter-medico.com\/fr\/?s={search_term_string}\"},\"query-input\":{\"@type\":\"PropertyValueSpecification\",\"valueRequired\":true,\"valueName\":\"search_term_string\"}}],\"inLanguage\":\"fr-FR\"}]}<\/script>\n<!-- \/ Yoast SEO plugin. -->","yoast_head_json":{"title":"Produits d'allergies en tube CAST\u00ae - Inter Medico","robots":{"index":"index","follow":"follow","max-snippet":"max-snippet:-1","max-image-preview":"max-image-preview:large","max-video-preview":"max-video-preview:-1"},"canonical":"https:\/\/www.inter-medico.com\/fr\/product\/produits-allergies-en-tube-cast\/","og_locale":"fr_FR","og_type":"article","og_title":"Produits d'allergies en tube CAST\u00ae - Inter Medico","og_description":"L\u00e0 o\u00f9 des IgE sp\u00e9cifiques ne parviennent pas \u00e0 d\u00e9montrer une fiabilit\u00e9 diagnostique absolue, en particulier dans les r\u00e9actions plus complexes telles que les allergies aux m\u00e9dicaments, au venin ou aux aliments, B\u00dcHLMANN a la solution - la gamme compl\u00e8te de diagnostics d'allergie cellulaire.","og_url":"https:\/\/www.inter-medico.com\/fr\/product\/produits-allergies-en-tube-cast\/","og_site_name":"Inter Medico","article_modified_time":"2023-07-06T18:16:45+00:00","og_image":[{"width":1500,"height":1000,"url":"https:\/\/www.inter-medico.com\/wp-content\/uploads\/2023\/02\/BAT-4.jpg","type":"image\/jpeg"}],"twitter_card":"summary_large_image","schema":{"@context":"https:\/\/schema.org","@graph":[{"@type":"WebPage","@id":"https:\/\/www.inter-medico.com\/fr\/product\/produits-allergies-en-tube-cast\/","url":"https:\/\/www.inter-medico.com\/fr\/product\/produits-allergies-en-tube-cast\/","name":"Produits d'allergies en tube CAST\u00ae - Inter Medico","isPartOf":{"@id":"https:\/\/www.inter-medico.com\/fr\/#website"},"primaryImageOfPage":{"@id":"https:\/\/www.inter-medico.com\/fr\/product\/produits-allergies-en-tube-cast\/#primaryimage"},"image":{"@id":"https:\/\/www.inter-medico.com\/fr\/product\/produits-allergies-en-tube-cast\/#primaryimage"},"thumbnailUrl":"https:\/\/www.inter-medico.com\/wp-content\/uploads\/2023\/02\/BAT-4.jpg","datePublished":"2023-02-06T23:01:58+00:00","dateModified":"2023-07-06T18:16:45+00:00","inLanguage":"fr-FR","potentialAction":[{"@type":"ReadAction","target":["https:\/\/www.inter-medico.com\/fr\/product\/produits-allergies-en-tube-cast\/"]}]},{"@type":"ImageObject","inLanguage":"fr-FR","@id":"https:\/\/www.inter-medico.com\/fr\/product\/produits-allergies-en-tube-cast\/#primaryimage","url":"https:\/\/www.inter-medico.com\/wp-content\/uploads\/2023\/02\/BAT-4.jpg","contentUrl":"https:\/\/www.inter-medico.com\/wp-content\/uploads\/2023\/02\/BAT-4.jpg","width":1500,"height":1000},{"@type":"WebSite","@id":"https:\/\/www.inter-medico.com\/fr\/#website","url":"https:\/\/www.inter-medico.com\/fr\/","name":"Inter Medico","description":"Focused on Solutions, Innovative Diagnostics","potentialAction":[{"@type":"SearchAction","target":{"@type":"EntryPoint","urlTemplate":"https:\/\/www.inter-medico.com\/fr\/?s={search_term_string}"},"query-input":{"@type":"PropertyValueSpecification","valueRequired":true,"valueName":"search_term_string"}}],"inLanguage":"fr-FR"}]}},"_links":{"self":[{"href":"https:\/\/www.inter-medico.com\/fr\/wp-json\/wp\/v2\/product\/3265","targetHints":{"allow":["GET"]}}],"collection":[{"href":"https:\/\/www.inter-medico.com\/fr\/wp-json\/wp\/v2\/product"}],"about":[{"href":"https:\/\/www.inter-medico.com\/fr\/wp-json\/wp\/v2\/types\/product"}],"wp:featuredmedia":[{"embeddable":true,"href":"https:\/\/www.inter-medico.com\/fr\/wp-json\/wp\/v2\/media\/4543"}],"wp:attachment":[{"href":"https:\/\/www.inter-medico.com\/fr\/wp-json\/wp\/v2\/media?parent=3265"}],"wp:term":[{"taxonomy":"product_cat","embeddable":true,"href":"https:\/\/www.inter-medico.com\/fr\/wp-json\/wp\/v2\/product_cat?post=3265"}],"curies":[{"name":"wp","href":"https:\/\/api.w.org\/{rel}","templated":true}]}}