{"id":3271,"date":"2023-02-06T23:03:52","date_gmt":"2023-02-06T23:03:52","guid":{"rendered":"https:\/\/www.inter-medico.com\/product\/immunodiagnostic-systems-ids-elisa-and-ria-products\/"},"modified":"2023-07-06T18:13:22","modified_gmt":"2023-07-06T18:13:22","slug":"immunodiagnostic-systemes-ids-elisa-et-ria","status":"publish","type":"product","link":"https:\/\/www.inter-medico.com\/fr\/product\/immunodiagnostic-systemes-ids-elisa-et-ria\/","title":{"rendered":"Immunodiagnostic Systems (IDS) ELISA et RIA"},"content":{"rendered":"","protected":false},"excerpt":{"rendered":"<p>Le portefeuille d&#8217;Immunodiagnostic Systems d&#8217;immunoessais sp\u00e9cialis\u00e9s EIA et RIA offre des solutions innovantes pour les laboratoires du monde entier. Avec un portefeuille comprenant des marqueurs cartilagineux, des tests de croissance, des tests de recherche et une offre compl\u00e8te sur le m\u00e9tabolisme osseux, IDS fournit aux cliniciens et aux chercheurs un compl\u00e9ment efficace aux immunoessais automatis\u00e9s.<\/p>\n","protected":false},"featured_media":4541,"template":"","meta":{"_acf_changed":false},"product_cat":[40],"class_list":["post-3271","product","type-product","status-publish","has-post-thumbnail","hentry","product_cat-clinical-biochemistry-fr","entry"],"acf":[],"yoast_head":"<!-- This site is optimized with the Yoast SEO plugin v27.2 - https:\/\/yoast.com\/product\/yoast-seo-wordpress\/ -->\n<title>Immunodiagnostic Systems (IDS) ELISA et RIA - Inter Medico<\/title>\n<meta name=\"robots\" content=\"index, follow, max-snippet:-1, max-image-preview:large, max-video-preview:-1\" \/>\n<link rel=\"canonical\" href=\"https:\/\/www.inter-medico.com\/fr\/product\/immunodiagnostic-systemes-ids-elisa-et-ria\/\" \/>\n<meta property=\"og:locale\" content=\"fr_FR\" \/>\n<meta property=\"og:type\" content=\"article\" \/>\n<meta property=\"og:title\" content=\"Immunodiagnostic Systems (IDS) ELISA et RIA - Inter Medico\" \/>\n<meta property=\"og:description\" content=\"Le portefeuille d&#039;Immunodiagnostic Systems d&#039;immunoessais sp\u00e9cialis\u00e9s EIA et RIA offre des solutions innovantes pour les laboratoires du monde entier. Avec un portefeuille comprenant des marqueurs cartilagineux, des tests de croissance, des tests de recherche et une offre compl\u00e8te sur le m\u00e9tabolisme osseux, IDS fournit aux cliniciens et aux chercheurs un compl\u00e9ment efficace aux immunoessais automatis\u00e9s.\" \/>\n<meta property=\"og:url\" content=\"https:\/\/www.inter-medico.com\/fr\/product\/immunodiagnostic-systemes-ids-elisa-et-ria\/\" \/>\n<meta property=\"og:site_name\" content=\"Inter Medico\" \/>\n<meta property=\"article:modified_time\" content=\"2023-07-06T18:13:22+00:00\" \/>\n<meta property=\"og:image\" content=\"https:\/\/www.inter-medico.com\/wp-content\/uploads\/2023\/02\/ids-295-scaled.jpg\" \/>\n\t<meta property=\"og:image:width\" content=\"2560\" \/>\n\t<meta property=\"og:image:height\" content=\"1674\" \/>\n\t<meta property=\"og:image:type\" content=\"image\/jpeg\" \/>\n<meta name=\"twitter:card\" content=\"summary_large_image\" \/>\n<script type=\"application\/ld+json\" class=\"yoast-schema-graph\">{\"@context\":\"https:\/\/schema.org\",\"@graph\":[{\"@type\":\"WebPage\",\"@id\":\"https:\/\/www.inter-medico.com\/fr\/product\/immunodiagnostic-systemes-ids-elisa-et-ria\/\",\"url\":\"https:\/\/www.inter-medico.com\/fr\/product\/immunodiagnostic-systemes-ids-elisa-et-ria\/\",\"name\":\"Immunodiagnostic Systems (IDS) ELISA et RIA - Inter Medico\",\"isPartOf\":{\"@id\":\"https:\/\/www.inter-medico.com\/fr\/#website\"},\"primaryImageOfPage\":{\"@id\":\"https:\/\/www.inter-medico.com\/fr\/product\/immunodiagnostic-systemes-ids-elisa-et-ria\/#primaryimage\"},\"image\":{\"@id\":\"https:\/\/www.inter-medico.com\/fr\/product\/immunodiagnostic-systemes-ids-elisa-et-ria\/#primaryimage\"},\"thumbnailUrl\":\"https:\/\/www.inter-medico.com\/wp-content\/uploads\/2023\/02\/ids-295-scaled.jpg\",\"datePublished\":\"2023-02-06T23:03:52+00:00\",\"dateModified\":\"2023-07-06T18:13:22+00:00\",\"inLanguage\":\"fr-FR\",\"potentialAction\":[{\"@type\":\"ReadAction\",\"target\":[\"https:\/\/www.inter-medico.com\/fr\/product\/immunodiagnostic-systemes-ids-elisa-et-ria\/\"]}]},{\"@type\":\"ImageObject\",\"inLanguage\":\"fr-FR\",\"@id\":\"https:\/\/www.inter-medico.com\/fr\/product\/immunodiagnostic-systemes-ids-elisa-et-ria\/#primaryimage\",\"url\":\"https:\/\/www.inter-medico.com\/wp-content\/uploads\/2023\/02\/ids-295-scaled.jpg\",\"contentUrl\":\"https:\/\/www.inter-medico.com\/wp-content\/uploads\/2023\/02\/ids-295-scaled.jpg\",\"width\":2560,\"height\":1674},{\"@type\":\"WebSite\",\"@id\":\"https:\/\/www.inter-medico.com\/fr\/#website\",\"url\":\"https:\/\/www.inter-medico.com\/fr\/\",\"name\":\"Inter Medico\",\"description\":\"Focused on Solutions, Innovative Diagnostics\",\"potentialAction\":[{\"@type\":\"SearchAction\",\"target\":{\"@type\":\"EntryPoint\",\"urlTemplate\":\"https:\/\/www.inter-medico.com\/fr\/?s={search_term_string}\"},\"query-input\":{\"@type\":\"PropertyValueSpecification\",\"valueRequired\":true,\"valueName\":\"search_term_string\"}}],\"inLanguage\":\"fr-FR\"}]}<\/script>\n<!-- \/ Yoast SEO plugin. -->","yoast_head_json":{"title":"Immunodiagnostic Systems (IDS) ELISA et RIA - Inter Medico","robots":{"index":"index","follow":"follow","max-snippet":"max-snippet:-1","max-image-preview":"max-image-preview:large","max-video-preview":"max-video-preview:-1"},"canonical":"https:\/\/www.inter-medico.com\/fr\/product\/immunodiagnostic-systemes-ids-elisa-et-ria\/","og_locale":"fr_FR","og_type":"article","og_title":"Immunodiagnostic Systems (IDS) ELISA et RIA - Inter Medico","og_description":"Le portefeuille d'Immunodiagnostic Systems d'immunoessais sp\u00e9cialis\u00e9s EIA et RIA offre des solutions innovantes pour les laboratoires du monde entier. Avec un portefeuille comprenant des marqueurs cartilagineux, des tests de croissance, des tests de recherche et une offre compl\u00e8te sur le m\u00e9tabolisme osseux, IDS fournit aux cliniciens et aux chercheurs un compl\u00e9ment efficace aux immunoessais automatis\u00e9s.","og_url":"https:\/\/www.inter-medico.com\/fr\/product\/immunodiagnostic-systemes-ids-elisa-et-ria\/","og_site_name":"Inter Medico","article_modified_time":"2023-07-06T18:13:22+00:00","og_image":[{"width":2560,"height":1674,"url":"https:\/\/www.inter-medico.com\/wp-content\/uploads\/2023\/02\/ids-295-scaled.jpg","type":"image\/jpeg"}],"twitter_card":"summary_large_image","schema":{"@context":"https:\/\/schema.org","@graph":[{"@type":"WebPage","@id":"https:\/\/www.inter-medico.com\/fr\/product\/immunodiagnostic-systemes-ids-elisa-et-ria\/","url":"https:\/\/www.inter-medico.com\/fr\/product\/immunodiagnostic-systemes-ids-elisa-et-ria\/","name":"Immunodiagnostic Systems (IDS) ELISA et RIA - Inter Medico","isPartOf":{"@id":"https:\/\/www.inter-medico.com\/fr\/#website"},"primaryImageOfPage":{"@id":"https:\/\/www.inter-medico.com\/fr\/product\/immunodiagnostic-systemes-ids-elisa-et-ria\/#primaryimage"},"image":{"@id":"https:\/\/www.inter-medico.com\/fr\/product\/immunodiagnostic-systemes-ids-elisa-et-ria\/#primaryimage"},"thumbnailUrl":"https:\/\/www.inter-medico.com\/wp-content\/uploads\/2023\/02\/ids-295-scaled.jpg","datePublished":"2023-02-06T23:03:52+00:00","dateModified":"2023-07-06T18:13:22+00:00","inLanguage":"fr-FR","potentialAction":[{"@type":"ReadAction","target":["https:\/\/www.inter-medico.com\/fr\/product\/immunodiagnostic-systemes-ids-elisa-et-ria\/"]}]},{"@type":"ImageObject","inLanguage":"fr-FR","@id":"https:\/\/www.inter-medico.com\/fr\/product\/immunodiagnostic-systemes-ids-elisa-et-ria\/#primaryimage","url":"https:\/\/www.inter-medico.com\/wp-content\/uploads\/2023\/02\/ids-295-scaled.jpg","contentUrl":"https:\/\/www.inter-medico.com\/wp-content\/uploads\/2023\/02\/ids-295-scaled.jpg","width":2560,"height":1674},{"@type":"WebSite","@id":"https:\/\/www.inter-medico.com\/fr\/#website","url":"https:\/\/www.inter-medico.com\/fr\/","name":"Inter Medico","description":"Focused on Solutions, Innovative Diagnostics","potentialAction":[{"@type":"SearchAction","target":{"@type":"EntryPoint","urlTemplate":"https:\/\/www.inter-medico.com\/fr\/?s={search_term_string}"},"query-input":{"@type":"PropertyValueSpecification","valueRequired":true,"valueName":"search_term_string"}}],"inLanguage":"fr-FR"}]}},"_links":{"self":[{"href":"https:\/\/www.inter-medico.com\/fr\/wp-json\/wp\/v2\/product\/3271","targetHints":{"allow":["GET"]}}],"collection":[{"href":"https:\/\/www.inter-medico.com\/fr\/wp-json\/wp\/v2\/product"}],"about":[{"href":"https:\/\/www.inter-medico.com\/fr\/wp-json\/wp\/v2\/types\/product"}],"wp:featuredmedia":[{"embeddable":true,"href":"https:\/\/www.inter-medico.com\/fr\/wp-json\/wp\/v2\/media\/4541"}],"wp:attachment":[{"href":"https:\/\/www.inter-medico.com\/fr\/wp-json\/wp\/v2\/media?parent=3271"}],"wp:term":[{"taxonomy":"product_cat","embeddable":true,"href":"https:\/\/www.inter-medico.com\/fr\/wp-json\/wp\/v2\/product_cat?post=3271"}],"curies":[{"name":"wp","href":"https:\/\/api.w.org\/{rel}","templated":true}]}}