{"id":3276,"date":"2023-02-07T16:16:33","date_gmt":"2023-02-07T16:16:33","guid":{"rendered":"https:\/\/www.inter-medico.com\/product\/medicodx-strep-select-grouping-kit\/"},"modified":"2024-07-05T14:07:22","modified_gmt":"2024-07-05T14:07:22","slug":"medicodx-strep-select-grouping-kit","status":"publish","type":"product","link":"https:\/\/www.inter-medico.com\/fr\/product\/medicodx-strep-select-grouping-kit\/","title":{"rendered":"MedicoDx \u2122 Strep-Select Grouping Kit"},"content":{"rendered":"","protected":false},"excerpt":{"rendered":"<p>La m\u00e9thode de typage MedicoDx\u2122 Streptococcal-Select implique l&#8217;extraction chimique d&#8217;antig\u00e8nes glucidiques sp\u00e9cifiques \u00e0 l\u2019aide l&#8217;acide nitreux sp\u00e9cialement formul\u00e9. MedicoDx\u2122 Streptococcal-Select Grouping Kit fournit une m\u00e9thode rapide pour l&#8217;identification s\u00e9rologique des groupes A, B, C, D, F et G des groupes Lancefield de streptocoques b\u00eata-h\u00e9molytiques cultiv\u00e9s sur des plaques de g\u00e9lose. Chaque kit est suffisant pour 65 tests. Les r\u00e9actifs sont livr\u00e9s pr\u00eats \u00e0 l&#8217;emploi.<\/p>\n","protected":false},"featured_media":5247,"template":"","meta":{"_acf_changed":false},"product_cat":[42],"class_list":["post-3276","product","type-product","status-publish","has-post-thumbnail","hentry","product_cat-microbiologie-fr","entry"],"acf":[],"yoast_head":"<!-- This site is optimized with the Yoast SEO plugin v27.5 - https:\/\/yoast.com\/product\/yoast-seo-wordpress\/ -->\n<title>MedicoDx \u2122 Strep-Select Grouping Kit - Inter Medico<\/title>\n<meta name=\"robots\" content=\"index, follow, max-snippet:-1, max-image-preview:large, max-video-preview:-1\" \/>\n<link rel=\"canonical\" href=\"https:\/\/www.inter-medico.com\/fr\/product\/medicodx-strep-select-grouping-kit\/\" \/>\n<meta property=\"og:locale\" content=\"fr_FR\" \/>\n<meta property=\"og:type\" content=\"article\" \/>\n<meta property=\"og:title\" content=\"MedicoDx \u2122 Strep-Select Grouping Kit - Inter Medico\" \/>\n<meta property=\"og:description\" content=\"La m\u00e9thode de typage MedicoDx\u2122 Streptococcal-Select implique l&#039;extraction chimique d&#039;antig\u00e8nes glucidiques sp\u00e9cifiques \u00e0 l\u2019aide l&#039;acide nitreux sp\u00e9cialement formul\u00e9. MedicoDx\u2122 Streptococcal-Select Grouping Kit fournit une m\u00e9thode rapide pour l&#039;identification s\u00e9rologique des groupes A, B, C, D, F et G des groupes Lancefield de streptocoques b\u00eata-h\u00e9molytiques cultiv\u00e9s sur des plaques de g\u00e9lose. Chaque kit est suffisant pour 65 tests. Les r\u00e9actifs sont livr\u00e9s pr\u00eats \u00e0 l&#039;emploi.\" \/>\n<meta property=\"og:url\" content=\"https:\/\/www.inter-medico.com\/fr\/product\/medicodx-strep-select-grouping-kit\/\" \/>\n<meta property=\"og:site_name\" content=\"Inter Medico\" \/>\n<meta property=\"article:modified_time\" content=\"2024-07-05T14:07:22+00:00\" \/>\n<meta property=\"og:image\" content=\"https:\/\/www.inter-medico.com\/wp-content\/uploads\/2023\/02\/MDx_Kit.png\" \/>\n\t<meta property=\"og:image:width\" content=\"650\" \/>\n\t<meta property=\"og:image:height\" content=\"460\" \/>\n\t<meta property=\"og:image:type\" content=\"image\/png\" \/>\n<meta name=\"twitter:card\" content=\"summary_large_image\" \/>\n<meta name=\"twitter:label1\" content=\"Est. reading time\" \/>\n\t<meta name=\"twitter:data1\" content=\"1 minute\" \/>\n<script type=\"application\/ld+json\" class=\"yoast-schema-graph\">{\"@context\":\"https:\\\/\\\/schema.org\",\"@graph\":[{\"@type\":\"WebPage\",\"@id\":\"https:\\\/\\\/www.inter-medico.com\\\/fr\\\/product\\\/medicodx-strep-select-grouping-kit\\\/\",\"url\":\"https:\\\/\\\/www.inter-medico.com\\\/fr\\\/product\\\/medicodx-strep-select-grouping-kit\\\/\",\"name\":\"MedicoDx \u2122 Strep-Select Grouping Kit - Inter Medico\",\"isPartOf\":{\"@id\":\"https:\\\/\\\/www.inter-medico.com\\\/fr\\\/#website\"},\"primaryImageOfPage\":{\"@id\":\"https:\\\/\\\/www.inter-medico.com\\\/fr\\\/product\\\/medicodx-strep-select-grouping-kit\\\/#primaryimage\"},\"image\":{\"@id\":\"https:\\\/\\\/www.inter-medico.com\\\/fr\\\/product\\\/medicodx-strep-select-grouping-kit\\\/#primaryimage\"},\"thumbnailUrl\":\"https:\\\/\\\/www.inter-medico.com\\\/wp-content\\\/uploads\\\/2023\\\/02\\\/MDx_Kit.png\",\"datePublished\":\"2023-02-07T16:16:33+00:00\",\"dateModified\":\"2024-07-05T14:07:22+00:00\",\"inLanguage\":\"fr-FR\",\"potentialAction\":[{\"@type\":\"ReadAction\",\"target\":[\"https:\\\/\\\/www.inter-medico.com\\\/fr\\\/product\\\/medicodx-strep-select-grouping-kit\\\/\"]}]},{\"@type\":\"ImageObject\",\"inLanguage\":\"fr-FR\",\"@id\":\"https:\\\/\\\/www.inter-medico.com\\\/fr\\\/product\\\/medicodx-strep-select-grouping-kit\\\/#primaryimage\",\"url\":\"https:\\\/\\\/www.inter-medico.com\\\/wp-content\\\/uploads\\\/2023\\\/02\\\/MDx_Kit.png\",\"contentUrl\":\"https:\\\/\\\/www.inter-medico.com\\\/wp-content\\\/uploads\\\/2023\\\/02\\\/MDx_Kit.png\",\"width\":650,\"height\":460},{\"@type\":\"WebSite\",\"@id\":\"https:\\\/\\\/www.inter-medico.com\\\/fr\\\/#website\",\"url\":\"https:\\\/\\\/www.inter-medico.com\\\/fr\\\/\",\"name\":\"Inter Medico\",\"description\":\"Focused on Solutions, Innovative Diagnostics\",\"potentialAction\":[{\"@type\":\"SearchAction\",\"target\":{\"@type\":\"EntryPoint\",\"urlTemplate\":\"https:\\\/\\\/www.inter-medico.com\\\/fr\\\/?s={search_term_string}\"},\"query-input\":{\"@type\":\"PropertyValueSpecification\",\"valueRequired\":true,\"valueName\":\"search_term_string\"}}],\"inLanguage\":\"fr-FR\"}]}<\/script>\n<!-- \/ Yoast SEO plugin. -->","yoast_head_json":{"title":"MedicoDx \u2122 Strep-Select Grouping Kit - Inter Medico","robots":{"index":"index","follow":"follow","max-snippet":"max-snippet:-1","max-image-preview":"max-image-preview:large","max-video-preview":"max-video-preview:-1"},"canonical":"https:\/\/www.inter-medico.com\/fr\/product\/medicodx-strep-select-grouping-kit\/","og_locale":"fr_FR","og_type":"article","og_title":"MedicoDx \u2122 Strep-Select Grouping Kit - Inter Medico","og_description":"La m\u00e9thode de typage MedicoDx\u2122 Streptococcal-Select implique l'extraction chimique d'antig\u00e8nes glucidiques sp\u00e9cifiques \u00e0 l\u2019aide l'acide nitreux sp\u00e9cialement formul\u00e9. MedicoDx\u2122 Streptococcal-Select Grouping Kit fournit une m\u00e9thode rapide pour l'identification s\u00e9rologique des groupes A, B, C, D, F et G des groupes Lancefield de streptocoques b\u00eata-h\u00e9molytiques cultiv\u00e9s sur des plaques de g\u00e9lose. Chaque kit est suffisant pour 65 tests. Les r\u00e9actifs sont livr\u00e9s pr\u00eats \u00e0 l'emploi.","og_url":"https:\/\/www.inter-medico.com\/fr\/product\/medicodx-strep-select-grouping-kit\/","og_site_name":"Inter Medico","article_modified_time":"2024-07-05T14:07:22+00:00","og_image":[{"width":650,"height":460,"url":"https:\/\/www.inter-medico.com\/wp-content\/uploads\/2023\/02\/MDx_Kit.png","type":"image\/png"}],"twitter_card":"summary_large_image","twitter_misc":{"Est. reading time":"1 minute"},"schema":{"@context":"https:\/\/schema.org","@graph":[{"@type":"WebPage","@id":"https:\/\/www.inter-medico.com\/fr\/product\/medicodx-strep-select-grouping-kit\/","url":"https:\/\/www.inter-medico.com\/fr\/product\/medicodx-strep-select-grouping-kit\/","name":"MedicoDx \u2122 Strep-Select Grouping Kit - Inter Medico","isPartOf":{"@id":"https:\/\/www.inter-medico.com\/fr\/#website"},"primaryImageOfPage":{"@id":"https:\/\/www.inter-medico.com\/fr\/product\/medicodx-strep-select-grouping-kit\/#primaryimage"},"image":{"@id":"https:\/\/www.inter-medico.com\/fr\/product\/medicodx-strep-select-grouping-kit\/#primaryimage"},"thumbnailUrl":"https:\/\/www.inter-medico.com\/wp-content\/uploads\/2023\/02\/MDx_Kit.png","datePublished":"2023-02-07T16:16:33+00:00","dateModified":"2024-07-05T14:07:22+00:00","inLanguage":"fr-FR","potentialAction":[{"@type":"ReadAction","target":["https:\/\/www.inter-medico.com\/fr\/product\/medicodx-strep-select-grouping-kit\/"]}]},{"@type":"ImageObject","inLanguage":"fr-FR","@id":"https:\/\/www.inter-medico.com\/fr\/product\/medicodx-strep-select-grouping-kit\/#primaryimage","url":"https:\/\/www.inter-medico.com\/wp-content\/uploads\/2023\/02\/MDx_Kit.png","contentUrl":"https:\/\/www.inter-medico.com\/wp-content\/uploads\/2023\/02\/MDx_Kit.png","width":650,"height":460},{"@type":"WebSite","@id":"https:\/\/www.inter-medico.com\/fr\/#website","url":"https:\/\/www.inter-medico.com\/fr\/","name":"Inter Medico","description":"Focused on Solutions, Innovative Diagnostics","potentialAction":[{"@type":"SearchAction","target":{"@type":"EntryPoint","urlTemplate":"https:\/\/www.inter-medico.com\/fr\/?s={search_term_string}"},"query-input":{"@type":"PropertyValueSpecification","valueRequired":true,"valueName":"search_term_string"}}],"inLanguage":"fr-FR"}]}},"_links":{"self":[{"href":"https:\/\/www.inter-medico.com\/fr\/wp-json\/wp\/v2\/product\/3276","targetHints":{"allow":["GET"]}}],"collection":[{"href":"https:\/\/www.inter-medico.com\/fr\/wp-json\/wp\/v2\/product"}],"about":[{"href":"https:\/\/www.inter-medico.com\/fr\/wp-json\/wp\/v2\/types\/product"}],"wp:featuredmedia":[{"embeddable":true,"href":"https:\/\/www.inter-medico.com\/fr\/wp-json\/wp\/v2\/media\/5247"}],"wp:attachment":[{"href":"https:\/\/www.inter-medico.com\/fr\/wp-json\/wp\/v2\/media?parent=3276"}],"wp:term":[{"taxonomy":"product_cat","embeddable":true,"href":"https:\/\/www.inter-medico.com\/fr\/wp-json\/wp\/v2\/product_cat?post=3276"}],"curies":[{"name":"wp","href":"https:\/\/api.w.org\/{rel}","templated":true}]}}