{"id":3287,"date":"2023-02-07T16:42:40","date_gmt":"2023-02-07T16:42:40","guid":{"rendered":"https:\/\/www.inter-medico.com\/product\/fish-probes-haematological-probes\/"},"modified":"2023-06-14T18:02:09","modified_gmt":"2023-06-14T18:02:09","slug":"sondes-fish-hematologie","status":"publish","type":"product","link":"https:\/\/www.inter-medico.com\/fr\/product\/sondes-fish-hematologie\/","title":{"rendered":"Sondes FISH-H\u00e9matologie"},"content":{"rendered":"","protected":false},"excerpt":{"rendered":"<p>Abbott Molecular propose une large gamme de produits d&#8217;hybridation in situ par fluorescence d&#8217;ADN (FISH) Vysis pour l&#8217;identification efficace et rapide des aberrations g\u00e9n\u00e9tiques associ\u00e9es aux troubles h\u00e9matopo\u00ef\u00e9tiques. Utilis\u00e9s comme sondes uniques ou dans des ensembles de sondes multicolores, ces produits sont con\u00e7us pour identifier diverses translocations chromosomiques, d\u00e9l\u00e9tions, gains chromosomiques, ainsi que d&#8217;autres r\u00e9arrangements associ\u00e9s \u00e0 des troubles h\u00e9matopo\u00ef\u00e9tiques sp\u00e9cifiques. Ces sondes peuvent \u00eatre appliqu\u00e9es \u00e0 une vari\u00e9t\u00e9 de types d&#8217;\u00e9chantillons pr\u00e9par\u00e9s pour l&#8217;analyse en m\u00e9taphase ou en interphase.<\/p>\n","protected":false},"featured_media":4242,"template":"","meta":{"_acf_changed":false},"product_cat":[44],"class_list":["post-3287","product","type-product","status-publish","has-post-thumbnail","hentry","product_cat-molecular-fr","entry"],"acf":[],"yoast_head":"<!-- This site is optimized with the Yoast SEO plugin v27.2 - https:\/\/yoast.com\/product\/yoast-seo-wordpress\/ -->\n<title>Sondes FISH-H\u00e9matologie - Inter Medico<\/title>\n<meta name=\"robots\" content=\"index, follow, max-snippet:-1, max-image-preview:large, max-video-preview:-1\" \/>\n<link rel=\"canonical\" href=\"https:\/\/www.inter-medico.com\/fr\/product\/sondes-fish-hematologie\/\" \/>\n<meta property=\"og:locale\" content=\"fr_FR\" \/>\n<meta property=\"og:type\" content=\"article\" \/>\n<meta property=\"og:title\" content=\"Sondes FISH-H\u00e9matologie - Inter Medico\" \/>\n<meta property=\"og:description\" content=\"Abbott Molecular propose une large gamme de produits d&#039;hybridation in situ par fluorescence d&#039;ADN (FISH) Vysis pour l&#039;identification efficace et rapide des aberrations g\u00e9n\u00e9tiques associ\u00e9es aux troubles h\u00e9matopo\u00ef\u00e9tiques. Utilis\u00e9s comme sondes uniques ou dans des ensembles de sondes multicolores, ces produits sont con\u00e7us pour identifier diverses translocations chromosomiques, d\u00e9l\u00e9tions, gains chromosomiques, ainsi que d&#039;autres r\u00e9arrangements associ\u00e9s \u00e0 des troubles h\u00e9matopo\u00ef\u00e9tiques sp\u00e9cifiques. Ces sondes peuvent \u00eatre appliqu\u00e9es \u00e0 une vari\u00e9t\u00e9 de types d&#039;\u00e9chantillons pr\u00e9par\u00e9s pour l&#039;analyse en m\u00e9taphase ou en interphase.\" \/>\n<meta property=\"og:url\" content=\"https:\/\/www.inter-medico.com\/fr\/product\/sondes-fish-hematologie\/\" \/>\n<meta property=\"og:site_name\" content=\"Inter Medico\" \/>\n<meta property=\"article:modified_time\" content=\"2023-06-14T18:02:09+00:00\" \/>\n<meta property=\"og:image\" content=\"https:\/\/www.inter-medico.com\/wp-content\/uploads\/2023\/02\/Hematological-Probe.png\" \/>\n\t<meta property=\"og:image:width\" content=\"487\" \/>\n\t<meta property=\"og:image:height\" content=\"360\" \/>\n\t<meta property=\"og:image:type\" content=\"image\/png\" \/>\n<meta name=\"twitter:card\" content=\"summary_large_image\" \/>\n<script type=\"application\/ld+json\" class=\"yoast-schema-graph\">{\"@context\":\"https:\/\/schema.org\",\"@graph\":[{\"@type\":\"WebPage\",\"@id\":\"https:\/\/www.inter-medico.com\/fr\/product\/sondes-fish-hematologie\/\",\"url\":\"https:\/\/www.inter-medico.com\/fr\/product\/sondes-fish-hematologie\/\",\"name\":\"Sondes FISH-H\u00e9matologie - Inter Medico\",\"isPartOf\":{\"@id\":\"https:\/\/www.inter-medico.com\/fr\/#website\"},\"primaryImageOfPage\":{\"@id\":\"https:\/\/www.inter-medico.com\/fr\/product\/sondes-fish-hematologie\/#primaryimage\"},\"image\":{\"@id\":\"https:\/\/www.inter-medico.com\/fr\/product\/sondes-fish-hematologie\/#primaryimage\"},\"thumbnailUrl\":\"https:\/\/www.inter-medico.com\/wp-content\/uploads\/2023\/02\/Hematological-Probe.png\",\"datePublished\":\"2023-02-07T16:42:40+00:00\",\"dateModified\":\"2023-06-14T18:02:09+00:00\",\"inLanguage\":\"fr-FR\",\"potentialAction\":[{\"@type\":\"ReadAction\",\"target\":[\"https:\/\/www.inter-medico.com\/fr\/product\/sondes-fish-hematologie\/\"]}]},{\"@type\":\"ImageObject\",\"inLanguage\":\"fr-FR\",\"@id\":\"https:\/\/www.inter-medico.com\/fr\/product\/sondes-fish-hematologie\/#primaryimage\",\"url\":\"https:\/\/www.inter-medico.com\/wp-content\/uploads\/2023\/02\/Hematological-Probe.png\",\"contentUrl\":\"https:\/\/www.inter-medico.com\/wp-content\/uploads\/2023\/02\/Hematological-Probe.png\",\"width\":487,\"height\":360},{\"@type\":\"WebSite\",\"@id\":\"https:\/\/www.inter-medico.com\/fr\/#website\",\"url\":\"https:\/\/www.inter-medico.com\/fr\/\",\"name\":\"Inter Medico\",\"description\":\"Focused on Solutions, Innovative Diagnostics\",\"potentialAction\":[{\"@type\":\"SearchAction\",\"target\":{\"@type\":\"EntryPoint\",\"urlTemplate\":\"https:\/\/www.inter-medico.com\/fr\/?s={search_term_string}\"},\"query-input\":{\"@type\":\"PropertyValueSpecification\",\"valueRequired\":true,\"valueName\":\"search_term_string\"}}],\"inLanguage\":\"fr-FR\"}]}<\/script>\n<!-- \/ Yoast SEO plugin. -->","yoast_head_json":{"title":"Sondes FISH-H\u00e9matologie - Inter Medico","robots":{"index":"index","follow":"follow","max-snippet":"max-snippet:-1","max-image-preview":"max-image-preview:large","max-video-preview":"max-video-preview:-1"},"canonical":"https:\/\/www.inter-medico.com\/fr\/product\/sondes-fish-hematologie\/","og_locale":"fr_FR","og_type":"article","og_title":"Sondes FISH-H\u00e9matologie - Inter Medico","og_description":"Abbott Molecular propose une large gamme de produits d'hybridation in situ par fluorescence d'ADN (FISH) Vysis pour l'identification efficace et rapide des aberrations g\u00e9n\u00e9tiques associ\u00e9es aux troubles h\u00e9matopo\u00ef\u00e9tiques. Utilis\u00e9s comme sondes uniques ou dans des ensembles de sondes multicolores, ces produits sont con\u00e7us pour identifier diverses translocations chromosomiques, d\u00e9l\u00e9tions, gains chromosomiques, ainsi que d'autres r\u00e9arrangements associ\u00e9s \u00e0 des troubles h\u00e9matopo\u00ef\u00e9tiques sp\u00e9cifiques. Ces sondes peuvent \u00eatre appliqu\u00e9es \u00e0 une vari\u00e9t\u00e9 de types d'\u00e9chantillons pr\u00e9par\u00e9s pour l'analyse en m\u00e9taphase ou en interphase.","og_url":"https:\/\/www.inter-medico.com\/fr\/product\/sondes-fish-hematologie\/","og_site_name":"Inter Medico","article_modified_time":"2023-06-14T18:02:09+00:00","og_image":[{"width":487,"height":360,"url":"https:\/\/www.inter-medico.com\/wp-content\/uploads\/2023\/02\/Hematological-Probe.png","type":"image\/png"}],"twitter_card":"summary_large_image","schema":{"@context":"https:\/\/schema.org","@graph":[{"@type":"WebPage","@id":"https:\/\/www.inter-medico.com\/fr\/product\/sondes-fish-hematologie\/","url":"https:\/\/www.inter-medico.com\/fr\/product\/sondes-fish-hematologie\/","name":"Sondes FISH-H\u00e9matologie - Inter Medico","isPartOf":{"@id":"https:\/\/www.inter-medico.com\/fr\/#website"},"primaryImageOfPage":{"@id":"https:\/\/www.inter-medico.com\/fr\/product\/sondes-fish-hematologie\/#primaryimage"},"image":{"@id":"https:\/\/www.inter-medico.com\/fr\/product\/sondes-fish-hematologie\/#primaryimage"},"thumbnailUrl":"https:\/\/www.inter-medico.com\/wp-content\/uploads\/2023\/02\/Hematological-Probe.png","datePublished":"2023-02-07T16:42:40+00:00","dateModified":"2023-06-14T18:02:09+00:00","inLanguage":"fr-FR","potentialAction":[{"@type":"ReadAction","target":["https:\/\/www.inter-medico.com\/fr\/product\/sondes-fish-hematologie\/"]}]},{"@type":"ImageObject","inLanguage":"fr-FR","@id":"https:\/\/www.inter-medico.com\/fr\/product\/sondes-fish-hematologie\/#primaryimage","url":"https:\/\/www.inter-medico.com\/wp-content\/uploads\/2023\/02\/Hematological-Probe.png","contentUrl":"https:\/\/www.inter-medico.com\/wp-content\/uploads\/2023\/02\/Hematological-Probe.png","width":487,"height":360},{"@type":"WebSite","@id":"https:\/\/www.inter-medico.com\/fr\/#website","url":"https:\/\/www.inter-medico.com\/fr\/","name":"Inter Medico","description":"Focused on Solutions, Innovative Diagnostics","potentialAction":[{"@type":"SearchAction","target":{"@type":"EntryPoint","urlTemplate":"https:\/\/www.inter-medico.com\/fr\/?s={search_term_string}"},"query-input":{"@type":"PropertyValueSpecification","valueRequired":true,"valueName":"search_term_string"}}],"inLanguage":"fr-FR"}]}},"_links":{"self":[{"href":"https:\/\/www.inter-medico.com\/fr\/wp-json\/wp\/v2\/product\/3287","targetHints":{"allow":["GET"]}}],"collection":[{"href":"https:\/\/www.inter-medico.com\/fr\/wp-json\/wp\/v2\/product"}],"about":[{"href":"https:\/\/www.inter-medico.com\/fr\/wp-json\/wp\/v2\/types\/product"}],"wp:featuredmedia":[{"embeddable":true,"href":"https:\/\/www.inter-medico.com\/fr\/wp-json\/wp\/v2\/media\/4242"}],"wp:attachment":[{"href":"https:\/\/www.inter-medico.com\/fr\/wp-json\/wp\/v2\/media?parent=3287"}],"wp:term":[{"taxonomy":"product_cat","embeddable":true,"href":"https:\/\/www.inter-medico.com\/fr\/wp-json\/wp\/v2\/product_cat?post=3287"}],"curies":[{"name":"wp","href":"https:\/\/api.w.org\/{rel}","templated":true}]}}