{"id":3290,"date":"2023-02-07T16:43:12","date_gmt":"2023-02-07T16:43:12","guid":{"rendered":"https:\/\/www.inter-medico.com\/product\/fish-probes-solid-tumour-probes\/"},"modified":"2023-06-14T17:58:52","modified_gmt":"2023-06-14T17:58:52","slug":"sondes-fish-tumeurs-solides","status":"publish","type":"product","link":"https:\/\/www.inter-medico.com\/fr\/product\/sondes-fish-tumeurs-solides\/","title":{"rendered":"Sondes FISH-Tumeurs solides"},"content":{"rendered":"","protected":false},"excerpt":{"rendered":"<p>La d\u00e9tection pr\u00e9cise et fiable des aberrations g\u00e9n\u00e9tiques dans les tumeurs solides au moyen de la technologie de sonde d&#8217;hybridation in situ par fluorescence d&#8217;ADN (FISH) est un moyen puissant de diagnostiquer et de traiter plus efficacement un large \u00e9ventail de cancers. Vysis propose une gamme compl\u00e8te de sondes d&#8217;ADN \u00e0 marquage direct pour les tumeurs solides. \u00e9valuation des tumeurs. Les ensembles de sondes uniques et multicolores offrent aux chercheurs et aux cliniciens une vari\u00e9t\u00e9 de fa\u00e7ons d&#8217;identifier les d\u00e9l\u00e9tions, les gains ou les translocations de chromosomes ou de locus qui ont \u00e9t\u00e9 associ\u00e9s \u00e0 des types sp\u00e9cifiques de tumeurs solides. Ces sondes peuvent \u00eatre appliqu\u00e9es \u00e0 une vari\u00e9t\u00e9 d&#8217;\u00e9chantillons types pr\u00e9par\u00e9s pour l&#8217;analyse en m\u00e9taphase ou en interphase.<\/p>\n","protected":false},"featured_media":4244,"template":"","meta":{"_acf_changed":false},"product_cat":[44],"class_list":["post-3290","product","type-product","status-publish","has-post-thumbnail","hentry","product_cat-molecular-fr","entry"],"acf":[],"yoast_head":"<!-- This site is optimized with the Yoast SEO plugin v27.2 - https:\/\/yoast.com\/product\/yoast-seo-wordpress\/ -->\n<title>Sondes FISH-Tumeurs solides - Inter Medico<\/title>\n<meta name=\"robots\" content=\"index, follow, max-snippet:-1, max-image-preview:large, max-video-preview:-1\" \/>\n<link rel=\"canonical\" href=\"https:\/\/www.inter-medico.com\/fr\/product\/sondes-fish-tumeurs-solides\/\" \/>\n<meta property=\"og:locale\" content=\"fr_FR\" \/>\n<meta property=\"og:type\" content=\"article\" \/>\n<meta property=\"og:title\" content=\"Sondes FISH-Tumeurs solides - Inter Medico\" \/>\n<meta property=\"og:description\" content=\"La d\u00e9tection pr\u00e9cise et fiable des aberrations g\u00e9n\u00e9tiques dans les tumeurs solides au moyen de la technologie de sonde d&#039;hybridation in situ par fluorescence d&#039;ADN (FISH) est un moyen puissant de diagnostiquer et de traiter plus efficacement un large \u00e9ventail de cancers. Vysis propose une gamme compl\u00e8te de sondes d&#039;ADN \u00e0 marquage direct pour les tumeurs solides. \u00e9valuation des tumeurs. Les ensembles de sondes uniques et multicolores offrent aux chercheurs et aux cliniciens une vari\u00e9t\u00e9 de fa\u00e7ons d&#039;identifier les d\u00e9l\u00e9tions, les gains ou les translocations de chromosomes ou de locus qui ont \u00e9t\u00e9 associ\u00e9s \u00e0 des types sp\u00e9cifiques de tumeurs solides. Ces sondes peuvent \u00eatre appliqu\u00e9es \u00e0 une vari\u00e9t\u00e9 d&#039;\u00e9chantillons types pr\u00e9par\u00e9s pour l&#039;analyse en m\u00e9taphase ou en interphase.\" \/>\n<meta property=\"og:url\" content=\"https:\/\/www.inter-medico.com\/fr\/product\/sondes-fish-tumeurs-solides\/\" \/>\n<meta property=\"og:site_name\" content=\"Inter Medico\" \/>\n<meta property=\"article:modified_time\" content=\"2023-06-14T17:58:52+00:00\" \/>\n<meta property=\"og:image\" content=\"https:\/\/www.inter-medico.com\/wp-content\/uploads\/2023\/02\/Solid-Tumour.jpg\" \/>\n\t<meta property=\"og:image:width\" content=\"192\" \/>\n\t<meta property=\"og:image:height\" content=\"152\" \/>\n\t<meta property=\"og:image:type\" content=\"image\/jpeg\" \/>\n<meta name=\"twitter:card\" content=\"summary_large_image\" \/>\n<script type=\"application\/ld+json\" class=\"yoast-schema-graph\">{\"@context\":\"https:\/\/schema.org\",\"@graph\":[{\"@type\":\"WebPage\",\"@id\":\"https:\/\/www.inter-medico.com\/fr\/product\/sondes-fish-tumeurs-solides\/\",\"url\":\"https:\/\/www.inter-medico.com\/fr\/product\/sondes-fish-tumeurs-solides\/\",\"name\":\"Sondes FISH-Tumeurs solides - Inter Medico\",\"isPartOf\":{\"@id\":\"https:\/\/www.inter-medico.com\/fr\/#website\"},\"primaryImageOfPage\":{\"@id\":\"https:\/\/www.inter-medico.com\/fr\/product\/sondes-fish-tumeurs-solides\/#primaryimage\"},\"image\":{\"@id\":\"https:\/\/www.inter-medico.com\/fr\/product\/sondes-fish-tumeurs-solides\/#primaryimage\"},\"thumbnailUrl\":\"https:\/\/www.inter-medico.com\/wp-content\/uploads\/2023\/02\/Solid-Tumour.jpg\",\"datePublished\":\"2023-02-07T16:43:12+00:00\",\"dateModified\":\"2023-06-14T17:58:52+00:00\",\"inLanguage\":\"fr-FR\",\"potentialAction\":[{\"@type\":\"ReadAction\",\"target\":[\"https:\/\/www.inter-medico.com\/fr\/product\/sondes-fish-tumeurs-solides\/\"]}]},{\"@type\":\"ImageObject\",\"inLanguage\":\"fr-FR\",\"@id\":\"https:\/\/www.inter-medico.com\/fr\/product\/sondes-fish-tumeurs-solides\/#primaryimage\",\"url\":\"https:\/\/www.inter-medico.com\/wp-content\/uploads\/2023\/02\/Solid-Tumour.jpg\",\"contentUrl\":\"https:\/\/www.inter-medico.com\/wp-content\/uploads\/2023\/02\/Solid-Tumour.jpg\",\"width\":192,\"height\":152},{\"@type\":\"WebSite\",\"@id\":\"https:\/\/www.inter-medico.com\/fr\/#website\",\"url\":\"https:\/\/www.inter-medico.com\/fr\/\",\"name\":\"Inter Medico\",\"description\":\"Focused on Solutions, Innovative Diagnostics\",\"potentialAction\":[{\"@type\":\"SearchAction\",\"target\":{\"@type\":\"EntryPoint\",\"urlTemplate\":\"https:\/\/www.inter-medico.com\/fr\/?s={search_term_string}\"},\"query-input\":{\"@type\":\"PropertyValueSpecification\",\"valueRequired\":true,\"valueName\":\"search_term_string\"}}],\"inLanguage\":\"fr-FR\"}]}<\/script>\n<!-- \/ Yoast SEO plugin. -->","yoast_head_json":{"title":"Sondes FISH-Tumeurs solides - Inter Medico","robots":{"index":"index","follow":"follow","max-snippet":"max-snippet:-1","max-image-preview":"max-image-preview:large","max-video-preview":"max-video-preview:-1"},"canonical":"https:\/\/www.inter-medico.com\/fr\/product\/sondes-fish-tumeurs-solides\/","og_locale":"fr_FR","og_type":"article","og_title":"Sondes FISH-Tumeurs solides - Inter Medico","og_description":"La d\u00e9tection pr\u00e9cise et fiable des aberrations g\u00e9n\u00e9tiques dans les tumeurs solides au moyen de la technologie de sonde d'hybridation in situ par fluorescence d'ADN (FISH) est un moyen puissant de diagnostiquer et de traiter plus efficacement un large \u00e9ventail de cancers. Vysis propose une gamme compl\u00e8te de sondes d'ADN \u00e0 marquage direct pour les tumeurs solides. \u00e9valuation des tumeurs. Les ensembles de sondes uniques et multicolores offrent aux chercheurs et aux cliniciens une vari\u00e9t\u00e9 de fa\u00e7ons d'identifier les d\u00e9l\u00e9tions, les gains ou les translocations de chromosomes ou de locus qui ont \u00e9t\u00e9 associ\u00e9s \u00e0 des types sp\u00e9cifiques de tumeurs solides. Ces sondes peuvent \u00eatre appliqu\u00e9es \u00e0 une vari\u00e9t\u00e9 d'\u00e9chantillons types pr\u00e9par\u00e9s pour l'analyse en m\u00e9taphase ou en interphase.","og_url":"https:\/\/www.inter-medico.com\/fr\/product\/sondes-fish-tumeurs-solides\/","og_site_name":"Inter Medico","article_modified_time":"2023-06-14T17:58:52+00:00","og_image":[{"width":192,"height":152,"url":"https:\/\/www.inter-medico.com\/wp-content\/uploads\/2023\/02\/Solid-Tumour.jpg","type":"image\/jpeg"}],"twitter_card":"summary_large_image","schema":{"@context":"https:\/\/schema.org","@graph":[{"@type":"WebPage","@id":"https:\/\/www.inter-medico.com\/fr\/product\/sondes-fish-tumeurs-solides\/","url":"https:\/\/www.inter-medico.com\/fr\/product\/sondes-fish-tumeurs-solides\/","name":"Sondes FISH-Tumeurs solides - Inter Medico","isPartOf":{"@id":"https:\/\/www.inter-medico.com\/fr\/#website"},"primaryImageOfPage":{"@id":"https:\/\/www.inter-medico.com\/fr\/product\/sondes-fish-tumeurs-solides\/#primaryimage"},"image":{"@id":"https:\/\/www.inter-medico.com\/fr\/product\/sondes-fish-tumeurs-solides\/#primaryimage"},"thumbnailUrl":"https:\/\/www.inter-medico.com\/wp-content\/uploads\/2023\/02\/Solid-Tumour.jpg","datePublished":"2023-02-07T16:43:12+00:00","dateModified":"2023-06-14T17:58:52+00:00","inLanguage":"fr-FR","potentialAction":[{"@type":"ReadAction","target":["https:\/\/www.inter-medico.com\/fr\/product\/sondes-fish-tumeurs-solides\/"]}]},{"@type":"ImageObject","inLanguage":"fr-FR","@id":"https:\/\/www.inter-medico.com\/fr\/product\/sondes-fish-tumeurs-solides\/#primaryimage","url":"https:\/\/www.inter-medico.com\/wp-content\/uploads\/2023\/02\/Solid-Tumour.jpg","contentUrl":"https:\/\/www.inter-medico.com\/wp-content\/uploads\/2023\/02\/Solid-Tumour.jpg","width":192,"height":152},{"@type":"WebSite","@id":"https:\/\/www.inter-medico.com\/fr\/#website","url":"https:\/\/www.inter-medico.com\/fr\/","name":"Inter Medico","description":"Focused on Solutions, Innovative Diagnostics","potentialAction":[{"@type":"SearchAction","target":{"@type":"EntryPoint","urlTemplate":"https:\/\/www.inter-medico.com\/fr\/?s={search_term_string}"},"query-input":{"@type":"PropertyValueSpecification","valueRequired":true,"valueName":"search_term_string"}}],"inLanguage":"fr-FR"}]}},"_links":{"self":[{"href":"https:\/\/www.inter-medico.com\/fr\/wp-json\/wp\/v2\/product\/3290","targetHints":{"allow":["GET"]}}],"collection":[{"href":"https:\/\/www.inter-medico.com\/fr\/wp-json\/wp\/v2\/product"}],"about":[{"href":"https:\/\/www.inter-medico.com\/fr\/wp-json\/wp\/v2\/types\/product"}],"wp:featuredmedia":[{"embeddable":true,"href":"https:\/\/www.inter-medico.com\/fr\/wp-json\/wp\/v2\/media\/4244"}],"wp:attachment":[{"href":"https:\/\/www.inter-medico.com\/fr\/wp-json\/wp\/v2\/media?parent=3290"}],"wp:term":[{"taxonomy":"product_cat","embeddable":true,"href":"https:\/\/www.inter-medico.com\/fr\/wp-json\/wp\/v2\/product_cat?post=3290"}],"curies":[{"name":"wp","href":"https:\/\/api.w.org\/{rel}","templated":true}]}}