{"id":3307,"date":"2023-02-07T16:48:39","date_gmt":"2023-02-07T16:48:39","guid":{"rendered":"https:\/\/www.inter-medico.com\/product\/t-and-b-cell-clonality-testing-translocation-assays\/"},"modified":"2023-04-13T04:43:19","modified_gmt":"2023-04-13T04:43:19","slug":"test-de-clonalite-des-cellules-t-et-b-tests-de-translocation","status":"publish","type":"product","link":"https:\/\/www.inter-medico.com\/fr\/product\/test-de-clonalite-des-cellules-t-et-b-tests-de-translocation\/","title":{"rendered":"Test de clonalit\u00e9 des cellules T et B &#8211; Tests de translocation"},"content":{"rendered":"","protected":false},"excerpt":{"rendered":"<p>Ces produits sont utilis\u00e9s pour tester l&#8217;ADN extrait d&#8217;une vari\u00e9t\u00e9 d&#8217;\u00e9chantillons afin d&#8217;identifier et d&#8217;\u00e9tudier les translocations impliqu\u00e9es dans les tumeurs malignes.<\/p>\n","protected":false},"featured_media":4263,"template":"","meta":{"_acf_changed":false},"product_cat":[44],"class_list":["post-3307","product","type-product","status-publish","has-post-thumbnail","hentry","product_cat-molecular-fr","entry"],"acf":[],"yoast_head":"<!-- This site is optimized with the Yoast SEO plugin v27.2 - https:\/\/yoast.com\/product\/yoast-seo-wordpress\/ -->\n<title>Test de clonalit\u00e9 des cellules T et B - Tests de translocation - Inter Medico<\/title>\n<meta name=\"robots\" content=\"index, follow, max-snippet:-1, max-image-preview:large, max-video-preview:-1\" \/>\n<link rel=\"canonical\" href=\"https:\/\/www.inter-medico.com\/fr\/product\/test-de-clonalite-des-cellules-t-et-b-tests-de-translocation\/\" \/>\n<meta property=\"og:locale\" content=\"fr_FR\" \/>\n<meta property=\"og:type\" content=\"article\" \/>\n<meta property=\"og:title\" content=\"Test de clonalit\u00e9 des cellules T et B - Tests de translocation - Inter Medico\" \/>\n<meta property=\"og:description\" content=\"Ces produits sont utilis\u00e9s pour tester l&#039;ADN extrait d&#039;une vari\u00e9t\u00e9 d&#039;\u00e9chantillons afin d&#039;identifier et d&#039;\u00e9tudier les translocations impliqu\u00e9es dans les tumeurs malignes.\" \/>\n<meta property=\"og:url\" content=\"https:\/\/www.inter-medico.com\/fr\/product\/test-de-clonalite-des-cellules-t-et-b-tests-de-translocation\/\" \/>\n<meta property=\"og:site_name\" content=\"Inter Medico\" \/>\n<meta property=\"article:modified_time\" content=\"2023-04-13T04:43:19+00:00\" \/>\n<meta property=\"og:image\" content=\"https:\/\/www.inter-medico.com\/wp-content\/uploads\/2023\/02\/BCR-ABL-1.png\" \/>\n\t<meta property=\"og:image:width\" content=\"1200\" \/>\n\t<meta property=\"og:image:height\" content=\"800\" \/>\n\t<meta property=\"og:image:type\" content=\"image\/png\" \/>\n<meta name=\"twitter:card\" content=\"summary_large_image\" \/>\n<script type=\"application\/ld+json\" class=\"yoast-schema-graph\">{\"@context\":\"https:\/\/schema.org\",\"@graph\":[{\"@type\":\"WebPage\",\"@id\":\"https:\/\/www.inter-medico.com\/fr\/product\/test-de-clonalite-des-cellules-t-et-b-tests-de-translocation\/\",\"url\":\"https:\/\/www.inter-medico.com\/fr\/product\/test-de-clonalite-des-cellules-t-et-b-tests-de-translocation\/\",\"name\":\"Test de clonalit\u00e9 des cellules T et B - Tests de translocation - Inter Medico\",\"isPartOf\":{\"@id\":\"https:\/\/www.inter-medico.com\/fr\/#website\"},\"primaryImageOfPage\":{\"@id\":\"https:\/\/www.inter-medico.com\/fr\/product\/test-de-clonalite-des-cellules-t-et-b-tests-de-translocation\/#primaryimage\"},\"image\":{\"@id\":\"https:\/\/www.inter-medico.com\/fr\/product\/test-de-clonalite-des-cellules-t-et-b-tests-de-translocation\/#primaryimage\"},\"thumbnailUrl\":\"https:\/\/www.inter-medico.com\/wp-content\/uploads\/2023\/02\/BCR-ABL-1.png\",\"datePublished\":\"2023-02-07T16:48:39+00:00\",\"dateModified\":\"2023-04-13T04:43:19+00:00\",\"inLanguage\":\"fr-FR\",\"potentialAction\":[{\"@type\":\"ReadAction\",\"target\":[\"https:\/\/www.inter-medico.com\/fr\/product\/test-de-clonalite-des-cellules-t-et-b-tests-de-translocation\/\"]}]},{\"@type\":\"ImageObject\",\"inLanguage\":\"fr-FR\",\"@id\":\"https:\/\/www.inter-medico.com\/fr\/product\/test-de-clonalite-des-cellules-t-et-b-tests-de-translocation\/#primaryimage\",\"url\":\"https:\/\/www.inter-medico.com\/wp-content\/uploads\/2023\/02\/BCR-ABL-1.png\",\"contentUrl\":\"https:\/\/www.inter-medico.com\/wp-content\/uploads\/2023\/02\/BCR-ABL-1.png\",\"width\":1200,\"height\":800},{\"@type\":\"WebSite\",\"@id\":\"https:\/\/www.inter-medico.com\/fr\/#website\",\"url\":\"https:\/\/www.inter-medico.com\/fr\/\",\"name\":\"Inter Medico\",\"description\":\"Focused on Solutions, Innovative Diagnostics\",\"potentialAction\":[{\"@type\":\"SearchAction\",\"target\":{\"@type\":\"EntryPoint\",\"urlTemplate\":\"https:\/\/www.inter-medico.com\/fr\/?s={search_term_string}\"},\"query-input\":{\"@type\":\"PropertyValueSpecification\",\"valueRequired\":true,\"valueName\":\"search_term_string\"}}],\"inLanguage\":\"fr-FR\"}]}<\/script>\n<!-- \/ Yoast SEO plugin. -->","yoast_head_json":{"title":"Test de clonalit\u00e9 des cellules T et B - Tests de translocation - Inter Medico","robots":{"index":"index","follow":"follow","max-snippet":"max-snippet:-1","max-image-preview":"max-image-preview:large","max-video-preview":"max-video-preview:-1"},"canonical":"https:\/\/www.inter-medico.com\/fr\/product\/test-de-clonalite-des-cellules-t-et-b-tests-de-translocation\/","og_locale":"fr_FR","og_type":"article","og_title":"Test de clonalit\u00e9 des cellules T et B - Tests de translocation - Inter Medico","og_description":"Ces produits sont utilis\u00e9s pour tester l'ADN extrait d'une vari\u00e9t\u00e9 d'\u00e9chantillons afin d'identifier et d'\u00e9tudier les translocations impliqu\u00e9es dans les tumeurs malignes.","og_url":"https:\/\/www.inter-medico.com\/fr\/product\/test-de-clonalite-des-cellules-t-et-b-tests-de-translocation\/","og_site_name":"Inter Medico","article_modified_time":"2023-04-13T04:43:19+00:00","og_image":[{"width":1200,"height":800,"url":"https:\/\/www.inter-medico.com\/wp-content\/uploads\/2023\/02\/BCR-ABL-1.png","type":"image\/png"}],"twitter_card":"summary_large_image","schema":{"@context":"https:\/\/schema.org","@graph":[{"@type":"WebPage","@id":"https:\/\/www.inter-medico.com\/fr\/product\/test-de-clonalite-des-cellules-t-et-b-tests-de-translocation\/","url":"https:\/\/www.inter-medico.com\/fr\/product\/test-de-clonalite-des-cellules-t-et-b-tests-de-translocation\/","name":"Test de clonalit\u00e9 des cellules T et B - Tests de translocation - Inter Medico","isPartOf":{"@id":"https:\/\/www.inter-medico.com\/fr\/#website"},"primaryImageOfPage":{"@id":"https:\/\/www.inter-medico.com\/fr\/product\/test-de-clonalite-des-cellules-t-et-b-tests-de-translocation\/#primaryimage"},"image":{"@id":"https:\/\/www.inter-medico.com\/fr\/product\/test-de-clonalite-des-cellules-t-et-b-tests-de-translocation\/#primaryimage"},"thumbnailUrl":"https:\/\/www.inter-medico.com\/wp-content\/uploads\/2023\/02\/BCR-ABL-1.png","datePublished":"2023-02-07T16:48:39+00:00","dateModified":"2023-04-13T04:43:19+00:00","inLanguage":"fr-FR","potentialAction":[{"@type":"ReadAction","target":["https:\/\/www.inter-medico.com\/fr\/product\/test-de-clonalite-des-cellules-t-et-b-tests-de-translocation\/"]}]},{"@type":"ImageObject","inLanguage":"fr-FR","@id":"https:\/\/www.inter-medico.com\/fr\/product\/test-de-clonalite-des-cellules-t-et-b-tests-de-translocation\/#primaryimage","url":"https:\/\/www.inter-medico.com\/wp-content\/uploads\/2023\/02\/BCR-ABL-1.png","contentUrl":"https:\/\/www.inter-medico.com\/wp-content\/uploads\/2023\/02\/BCR-ABL-1.png","width":1200,"height":800},{"@type":"WebSite","@id":"https:\/\/www.inter-medico.com\/fr\/#website","url":"https:\/\/www.inter-medico.com\/fr\/","name":"Inter Medico","description":"Focused on Solutions, Innovative Diagnostics","potentialAction":[{"@type":"SearchAction","target":{"@type":"EntryPoint","urlTemplate":"https:\/\/www.inter-medico.com\/fr\/?s={search_term_string}"},"query-input":{"@type":"PropertyValueSpecification","valueRequired":true,"valueName":"search_term_string"}}],"inLanguage":"fr-FR"}]}},"_links":{"self":[{"href":"https:\/\/www.inter-medico.com\/fr\/wp-json\/wp\/v2\/product\/3307","targetHints":{"allow":["GET"]}}],"collection":[{"href":"https:\/\/www.inter-medico.com\/fr\/wp-json\/wp\/v2\/product"}],"about":[{"href":"https:\/\/www.inter-medico.com\/fr\/wp-json\/wp\/v2\/types\/product"}],"wp:featuredmedia":[{"embeddable":true,"href":"https:\/\/www.inter-medico.com\/fr\/wp-json\/wp\/v2\/media\/4263"}],"wp:attachment":[{"href":"https:\/\/www.inter-medico.com\/fr\/wp-json\/wp\/v2\/media?parent=3307"}],"wp:term":[{"taxonomy":"product_cat","embeddable":true,"href":"https:\/\/www.inter-medico.com\/fr\/wp-json\/wp\/v2\/product_cat?post=3307"}],"curies":[{"name":"wp","href":"https:\/\/api.w.org\/{rel}","templated":true}]}}