{"id":3312,"date":"2023-02-07T16:49:59","date_gmt":"2023-02-07T16:49:59","guid":{"rendered":"https:\/\/www.inter-medico.com\/product\/t-and-b-cell-clonality-testing-cell-line-controls\/"},"modified":"2023-06-14T17:39:22","modified_gmt":"2023-06-14T17:39:22","slug":"test-de-clonalite-des-cellules-t-et-b-controles-de-lignees-cellulaires","status":"publish","type":"product","link":"https:\/\/www.inter-medico.com\/fr\/product\/test-de-clonalite-des-cellules-t-et-b-controles-de-lignees-cellulaires\/","title":{"rendered":"Test de clonalit\u00e9 des cellules T et B &#8211; Contr\u00f4les de lign\u00e9es cellulaires"},"content":{"rendered":"","protected":false},"excerpt":{"rendered":"<p>Les contr\u00f4les sont disponibles sous plusieurs formats diff\u00e9rents : ADN plasmidique, ADN extrait de tissus ou de lign\u00e9es cellulaires ou ARN extrait de lign\u00e9es cellulaires. Ces contr\u00f4les peuvent \u00eatre achet\u00e9s dans diverses dilutions ou configurations pour le d\u00e9veloppement de tests  en laboratoire (LDT), la validation des tests, les tests de sensibilit\u00e9 ou de comp\u00e9tence et le d\u00e9pannage.<\/p>\n","protected":false},"featured_media":4265,"template":"","meta":{"_acf_changed":false},"product_cat":[44],"class_list":["post-3312","product","type-product","status-publish","has-post-thumbnail","hentry","product_cat-molecular-fr","entry"],"acf":[],"yoast_head":"<!-- This site is optimized with the Yoast SEO plugin v27.5 - https:\/\/yoast.com\/product\/yoast-seo-wordpress\/ -->\n<title>Test de clonalit\u00e9 des cellules T et B - Contr\u00f4les de lign\u00e9es cellulaires - Inter Medico<\/title>\n<meta name=\"robots\" content=\"index, follow, max-snippet:-1, max-image-preview:large, max-video-preview:-1\" \/>\n<link rel=\"canonical\" href=\"https:\/\/www.inter-medico.com\/fr\/product\/test-de-clonalite-des-cellules-t-et-b-controles-de-lignees-cellulaires\/\" \/>\n<meta property=\"og:locale\" content=\"fr_FR\" \/>\n<meta property=\"og:type\" content=\"article\" \/>\n<meta property=\"og:title\" content=\"Test de clonalit\u00e9 des cellules T et B - Contr\u00f4les de lign\u00e9es cellulaires - Inter Medico\" \/>\n<meta property=\"og:description\" content=\"Les contr\u00f4les sont disponibles sous plusieurs formats diff\u00e9rents : ADN plasmidique, ADN extrait de tissus ou de lign\u00e9es cellulaires ou ARN extrait de lign\u00e9es cellulaires. Ces contr\u00f4les peuvent \u00eatre achet\u00e9s dans diverses dilutions ou configurations pour le d\u00e9veloppement de tests en laboratoire (LDT), la validation des tests, les tests de sensibilit\u00e9 ou de comp\u00e9tence et le d\u00e9pannage.\" \/>\n<meta property=\"og:url\" content=\"https:\/\/www.inter-medico.com\/fr\/product\/test-de-clonalite-des-cellules-t-et-b-controles-de-lignees-cellulaires\/\" \/>\n<meta property=\"og:site_name\" content=\"Inter Medico\" \/>\n<meta property=\"article:modified_time\" content=\"2023-06-14T17:39:22+00:00\" \/>\n<meta property=\"og:image\" content=\"https:\/\/www.inter-medico.com\/wp-content\/uploads\/2023\/02\/Invivoscribe-Website-Shop-1x100-uL-Assay-Vials-1200x800-Featured-Image-001.jpg\" \/>\n\t<meta property=\"og:image:width\" content=\"1200\" \/>\n\t<meta property=\"og:image:height\" content=\"800\" \/>\n\t<meta property=\"og:image:type\" content=\"image\/jpeg\" \/>\n<meta name=\"twitter:card\" content=\"summary_large_image\" \/>\n<script type=\"application\/ld+json\" class=\"yoast-schema-graph\">{\"@context\":\"https:\\\/\\\/schema.org\",\"@graph\":[{\"@type\":\"WebPage\",\"@id\":\"https:\\\/\\\/www.inter-medico.com\\\/fr\\\/product\\\/test-de-clonalite-des-cellules-t-et-b-controles-de-lignees-cellulaires\\\/\",\"url\":\"https:\\\/\\\/www.inter-medico.com\\\/fr\\\/product\\\/test-de-clonalite-des-cellules-t-et-b-controles-de-lignees-cellulaires\\\/\",\"name\":\"Test de clonalit\u00e9 des cellules T et B - Contr\u00f4les de lign\u00e9es cellulaires - Inter Medico\",\"isPartOf\":{\"@id\":\"https:\\\/\\\/www.inter-medico.com\\\/fr\\\/#website\"},\"primaryImageOfPage\":{\"@id\":\"https:\\\/\\\/www.inter-medico.com\\\/fr\\\/product\\\/test-de-clonalite-des-cellules-t-et-b-controles-de-lignees-cellulaires\\\/#primaryimage\"},\"image\":{\"@id\":\"https:\\\/\\\/www.inter-medico.com\\\/fr\\\/product\\\/test-de-clonalite-des-cellules-t-et-b-controles-de-lignees-cellulaires\\\/#primaryimage\"},\"thumbnailUrl\":\"https:\\\/\\\/www.inter-medico.com\\\/wp-content\\\/uploads\\\/2023\\\/02\\\/Invivoscribe-Website-Shop-1x100-uL-Assay-Vials-1200x800-Featured-Image-001.jpg\",\"datePublished\":\"2023-02-07T16:49:59+00:00\",\"dateModified\":\"2023-06-14T17:39:22+00:00\",\"inLanguage\":\"fr-FR\",\"potentialAction\":[{\"@type\":\"ReadAction\",\"target\":[\"https:\\\/\\\/www.inter-medico.com\\\/fr\\\/product\\\/test-de-clonalite-des-cellules-t-et-b-controles-de-lignees-cellulaires\\\/\"]}]},{\"@type\":\"ImageObject\",\"inLanguage\":\"fr-FR\",\"@id\":\"https:\\\/\\\/www.inter-medico.com\\\/fr\\\/product\\\/test-de-clonalite-des-cellules-t-et-b-controles-de-lignees-cellulaires\\\/#primaryimage\",\"url\":\"https:\\\/\\\/www.inter-medico.com\\\/wp-content\\\/uploads\\\/2023\\\/02\\\/Invivoscribe-Website-Shop-1x100-uL-Assay-Vials-1200x800-Featured-Image-001.jpg\",\"contentUrl\":\"https:\\\/\\\/www.inter-medico.com\\\/wp-content\\\/uploads\\\/2023\\\/02\\\/Invivoscribe-Website-Shop-1x100-uL-Assay-Vials-1200x800-Featured-Image-001.jpg\",\"width\":1200,\"height\":800},{\"@type\":\"WebSite\",\"@id\":\"https:\\\/\\\/www.inter-medico.com\\\/fr\\\/#website\",\"url\":\"https:\\\/\\\/www.inter-medico.com\\\/fr\\\/\",\"name\":\"Inter Medico\",\"description\":\"Focused on Solutions, Innovative Diagnostics\",\"potentialAction\":[{\"@type\":\"SearchAction\",\"target\":{\"@type\":\"EntryPoint\",\"urlTemplate\":\"https:\\\/\\\/www.inter-medico.com\\\/fr\\\/?s={search_term_string}\"},\"query-input\":{\"@type\":\"PropertyValueSpecification\",\"valueRequired\":true,\"valueName\":\"search_term_string\"}}],\"inLanguage\":\"fr-FR\"}]}<\/script>\n<!-- \/ Yoast SEO plugin. -->","yoast_head_json":{"title":"Test de clonalit\u00e9 des cellules T et B - Contr\u00f4les de lign\u00e9es cellulaires - Inter Medico","robots":{"index":"index","follow":"follow","max-snippet":"max-snippet:-1","max-image-preview":"max-image-preview:large","max-video-preview":"max-video-preview:-1"},"canonical":"https:\/\/www.inter-medico.com\/fr\/product\/test-de-clonalite-des-cellules-t-et-b-controles-de-lignees-cellulaires\/","og_locale":"fr_FR","og_type":"article","og_title":"Test de clonalit\u00e9 des cellules T et B - Contr\u00f4les de lign\u00e9es cellulaires - Inter Medico","og_description":"Les contr\u00f4les sont disponibles sous plusieurs formats diff\u00e9rents : ADN plasmidique, ADN extrait de tissus ou de lign\u00e9es cellulaires ou ARN extrait de lign\u00e9es cellulaires. Ces contr\u00f4les peuvent \u00eatre achet\u00e9s dans diverses dilutions ou configurations pour le d\u00e9veloppement de tests en laboratoire (LDT), la validation des tests, les tests de sensibilit\u00e9 ou de comp\u00e9tence et le d\u00e9pannage.","og_url":"https:\/\/www.inter-medico.com\/fr\/product\/test-de-clonalite-des-cellules-t-et-b-controles-de-lignees-cellulaires\/","og_site_name":"Inter Medico","article_modified_time":"2023-06-14T17:39:22+00:00","og_image":[{"width":1200,"height":800,"url":"https:\/\/www.inter-medico.com\/wp-content\/uploads\/2023\/02\/Invivoscribe-Website-Shop-1x100-uL-Assay-Vials-1200x800-Featured-Image-001.jpg","type":"image\/jpeg"}],"twitter_card":"summary_large_image","schema":{"@context":"https:\/\/schema.org","@graph":[{"@type":"WebPage","@id":"https:\/\/www.inter-medico.com\/fr\/product\/test-de-clonalite-des-cellules-t-et-b-controles-de-lignees-cellulaires\/","url":"https:\/\/www.inter-medico.com\/fr\/product\/test-de-clonalite-des-cellules-t-et-b-controles-de-lignees-cellulaires\/","name":"Test de clonalit\u00e9 des cellules T et B - Contr\u00f4les de lign\u00e9es cellulaires - Inter Medico","isPartOf":{"@id":"https:\/\/www.inter-medico.com\/fr\/#website"},"primaryImageOfPage":{"@id":"https:\/\/www.inter-medico.com\/fr\/product\/test-de-clonalite-des-cellules-t-et-b-controles-de-lignees-cellulaires\/#primaryimage"},"image":{"@id":"https:\/\/www.inter-medico.com\/fr\/product\/test-de-clonalite-des-cellules-t-et-b-controles-de-lignees-cellulaires\/#primaryimage"},"thumbnailUrl":"https:\/\/www.inter-medico.com\/wp-content\/uploads\/2023\/02\/Invivoscribe-Website-Shop-1x100-uL-Assay-Vials-1200x800-Featured-Image-001.jpg","datePublished":"2023-02-07T16:49:59+00:00","dateModified":"2023-06-14T17:39:22+00:00","inLanguage":"fr-FR","potentialAction":[{"@type":"ReadAction","target":["https:\/\/www.inter-medico.com\/fr\/product\/test-de-clonalite-des-cellules-t-et-b-controles-de-lignees-cellulaires\/"]}]},{"@type":"ImageObject","inLanguage":"fr-FR","@id":"https:\/\/www.inter-medico.com\/fr\/product\/test-de-clonalite-des-cellules-t-et-b-controles-de-lignees-cellulaires\/#primaryimage","url":"https:\/\/www.inter-medico.com\/wp-content\/uploads\/2023\/02\/Invivoscribe-Website-Shop-1x100-uL-Assay-Vials-1200x800-Featured-Image-001.jpg","contentUrl":"https:\/\/www.inter-medico.com\/wp-content\/uploads\/2023\/02\/Invivoscribe-Website-Shop-1x100-uL-Assay-Vials-1200x800-Featured-Image-001.jpg","width":1200,"height":800},{"@type":"WebSite","@id":"https:\/\/www.inter-medico.com\/fr\/#website","url":"https:\/\/www.inter-medico.com\/fr\/","name":"Inter Medico","description":"Focused on Solutions, Innovative Diagnostics","potentialAction":[{"@type":"SearchAction","target":{"@type":"EntryPoint","urlTemplate":"https:\/\/www.inter-medico.com\/fr\/?s={search_term_string}"},"query-input":{"@type":"PropertyValueSpecification","valueRequired":true,"valueName":"search_term_string"}}],"inLanguage":"fr-FR"}]}},"_links":{"self":[{"href":"https:\/\/www.inter-medico.com\/fr\/wp-json\/wp\/v2\/product\/3312","targetHints":{"allow":["GET"]}}],"collection":[{"href":"https:\/\/www.inter-medico.com\/fr\/wp-json\/wp\/v2\/product"}],"about":[{"href":"https:\/\/www.inter-medico.com\/fr\/wp-json\/wp\/v2\/types\/product"}],"wp:featuredmedia":[{"embeddable":true,"href":"https:\/\/www.inter-medico.com\/fr\/wp-json\/wp\/v2\/media\/4265"}],"wp:attachment":[{"href":"https:\/\/www.inter-medico.com\/fr\/wp-json\/wp\/v2\/media?parent=3312"}],"wp:term":[{"taxonomy":"product_cat","embeddable":true,"href":"https:\/\/www.inter-medico.com\/fr\/wp-json\/wp\/v2\/product_cat?post=3312"}],"curies":[{"name":"wp","href":"https:\/\/api.w.org\/{rel}","templated":true}]}}