{"id":3315,"date":"2023-02-07T17:09:08","date_gmt":"2023-02-07T17:09:08","guid":{"rendered":"https:\/\/www.inter-medico.com\/product\/pap-stains-for-cytology\/"},"modified":"2023-06-14T17:37:31","modified_gmt":"2023-06-14T17:37:31","slug":"coloration-pap-pour-la-cytologie","status":"publish","type":"product","link":"https:\/\/www.inter-medico.com\/fr\/product\/coloration-pap-pour-la-cytologie\/","title":{"rendered":"Coloration PAP pour la cytologie"},"content":{"rendered":"","protected":false},"excerpt":{"rendered":"<p>Inter Medico fabrique sa propre gamme de colorations de Papanicolaou qui sont utilis\u00e9es pour examiner les cellules exfoli\u00e9es dans les s\u00e9cr\u00e9tions, les exsudats, les transsudats ou les grattages de divers organes et tissus internes. Les cellules sont fix\u00e9es sur une lame et color\u00e9es d&#8217;abord avec de l&#8217;h\u00e9matoxyline, qui colore les noyaux suivis de OG-6 et EA-50 ou EA-65 comme contre-coloration<\/p>\n","protected":false},"featured_media":3036,"template":"","meta":{"_acf_changed":false},"product_cat":[45],"class_list":["post-3315","product","type-product","status-publish","has-post-thumbnail","hentry","product_cat-pathology-fr","entry"],"acf":[],"yoast_head":"<!-- This site is optimized with the Yoast SEO plugin v27.5 - https:\/\/yoast.com\/product\/yoast-seo-wordpress\/ -->\n<title>Coloration PAP pour la cytologie - Inter Medico<\/title>\n<meta name=\"robots\" content=\"index, follow, max-snippet:-1, max-image-preview:large, max-video-preview:-1\" \/>\n<link rel=\"canonical\" href=\"https:\/\/www.inter-medico.com\/fr\/product\/coloration-pap-pour-la-cytologie\/\" \/>\n<meta property=\"og:locale\" content=\"fr_FR\" \/>\n<meta property=\"og:type\" content=\"article\" \/>\n<meta property=\"og:title\" content=\"Coloration PAP pour la cytologie - Inter Medico\" \/>\n<meta property=\"og:description\" content=\"Inter Medico fabrique sa propre gamme de colorations de Papanicolaou qui sont utilis\u00e9es pour examiner les cellules exfoli\u00e9es dans les s\u00e9cr\u00e9tions, les exsudats, les transsudats ou les grattages de divers organes et tissus internes. Les cellules sont fix\u00e9es sur une lame et color\u00e9es d&#039;abord avec de l&#039;h\u00e9matoxyline, qui colore les noyaux suivis de OG-6 et EA-50 ou EA-65 comme contre-coloration\" \/>\n<meta property=\"og:url\" content=\"https:\/\/www.inter-medico.com\/fr\/product\/coloration-pap-pour-la-cytologie\/\" \/>\n<meta property=\"og:site_name\" content=\"Inter Medico\" \/>\n<meta property=\"article:modified_time\" content=\"2023-06-14T17:37:31+00:00\" \/>\n<meta property=\"og:image\" content=\"https:\/\/www.inter-medico.com\/wp-content\/uploads\/2023\/02\/Image-5-Pap-Stain.jpg\" \/>\n\t<meta property=\"og:image:width\" content=\"189\" \/>\n\t<meta property=\"og:image:height\" content=\"189\" \/>\n\t<meta property=\"og:image:type\" content=\"image\/jpeg\" \/>\n<meta name=\"twitter:card\" content=\"summary_large_image\" \/>\n<script type=\"application\/ld+json\" class=\"yoast-schema-graph\">{\"@context\":\"https:\\\/\\\/schema.org\",\"@graph\":[{\"@type\":\"WebPage\",\"@id\":\"https:\\\/\\\/www.inter-medico.com\\\/fr\\\/product\\\/coloration-pap-pour-la-cytologie\\\/\",\"url\":\"https:\\\/\\\/www.inter-medico.com\\\/fr\\\/product\\\/coloration-pap-pour-la-cytologie\\\/\",\"name\":\"Coloration PAP pour la cytologie - Inter Medico\",\"isPartOf\":{\"@id\":\"https:\\\/\\\/www.inter-medico.com\\\/fr\\\/#website\"},\"primaryImageOfPage\":{\"@id\":\"https:\\\/\\\/www.inter-medico.com\\\/fr\\\/product\\\/coloration-pap-pour-la-cytologie\\\/#primaryimage\"},\"image\":{\"@id\":\"https:\\\/\\\/www.inter-medico.com\\\/fr\\\/product\\\/coloration-pap-pour-la-cytologie\\\/#primaryimage\"},\"thumbnailUrl\":\"https:\\\/\\\/www.inter-medico.com\\\/wp-content\\\/uploads\\\/2023\\\/02\\\/Image-5-Pap-Stain.jpg\",\"datePublished\":\"2023-02-07T17:09:08+00:00\",\"dateModified\":\"2023-06-14T17:37:31+00:00\",\"inLanguage\":\"fr-FR\",\"potentialAction\":[{\"@type\":\"ReadAction\",\"target\":[\"https:\\\/\\\/www.inter-medico.com\\\/fr\\\/product\\\/coloration-pap-pour-la-cytologie\\\/\"]}]},{\"@type\":\"ImageObject\",\"inLanguage\":\"fr-FR\",\"@id\":\"https:\\\/\\\/www.inter-medico.com\\\/fr\\\/product\\\/coloration-pap-pour-la-cytologie\\\/#primaryimage\",\"url\":\"https:\\\/\\\/www.inter-medico.com\\\/wp-content\\\/uploads\\\/2023\\\/02\\\/Image-5-Pap-Stain.jpg\",\"contentUrl\":\"https:\\\/\\\/www.inter-medico.com\\\/wp-content\\\/uploads\\\/2023\\\/02\\\/Image-5-Pap-Stain.jpg\",\"width\":189,\"height\":189},{\"@type\":\"WebSite\",\"@id\":\"https:\\\/\\\/www.inter-medico.com\\\/fr\\\/#website\",\"url\":\"https:\\\/\\\/www.inter-medico.com\\\/fr\\\/\",\"name\":\"Inter Medico\",\"description\":\"Focused on Solutions, Innovative Diagnostics\",\"potentialAction\":[{\"@type\":\"SearchAction\",\"target\":{\"@type\":\"EntryPoint\",\"urlTemplate\":\"https:\\\/\\\/www.inter-medico.com\\\/fr\\\/?s={search_term_string}\"},\"query-input\":{\"@type\":\"PropertyValueSpecification\",\"valueRequired\":true,\"valueName\":\"search_term_string\"}}],\"inLanguage\":\"fr-FR\"}]}<\/script>\n<!-- \/ Yoast SEO plugin. -->","yoast_head_json":{"title":"Coloration PAP pour la cytologie - Inter Medico","robots":{"index":"index","follow":"follow","max-snippet":"max-snippet:-1","max-image-preview":"max-image-preview:large","max-video-preview":"max-video-preview:-1"},"canonical":"https:\/\/www.inter-medico.com\/fr\/product\/coloration-pap-pour-la-cytologie\/","og_locale":"fr_FR","og_type":"article","og_title":"Coloration PAP pour la cytologie - Inter Medico","og_description":"Inter Medico fabrique sa propre gamme de colorations de Papanicolaou qui sont utilis\u00e9es pour examiner les cellules exfoli\u00e9es dans les s\u00e9cr\u00e9tions, les exsudats, les transsudats ou les grattages de divers organes et tissus internes. Les cellules sont fix\u00e9es sur une lame et color\u00e9es d'abord avec de l'h\u00e9matoxyline, qui colore les noyaux suivis de OG-6 et EA-50 ou EA-65 comme contre-coloration","og_url":"https:\/\/www.inter-medico.com\/fr\/product\/coloration-pap-pour-la-cytologie\/","og_site_name":"Inter Medico","article_modified_time":"2023-06-14T17:37:31+00:00","og_image":[{"width":189,"height":189,"url":"https:\/\/www.inter-medico.com\/wp-content\/uploads\/2023\/02\/Image-5-Pap-Stain.jpg","type":"image\/jpeg"}],"twitter_card":"summary_large_image","schema":{"@context":"https:\/\/schema.org","@graph":[{"@type":"WebPage","@id":"https:\/\/www.inter-medico.com\/fr\/product\/coloration-pap-pour-la-cytologie\/","url":"https:\/\/www.inter-medico.com\/fr\/product\/coloration-pap-pour-la-cytologie\/","name":"Coloration PAP pour la cytologie - Inter Medico","isPartOf":{"@id":"https:\/\/www.inter-medico.com\/fr\/#website"},"primaryImageOfPage":{"@id":"https:\/\/www.inter-medico.com\/fr\/product\/coloration-pap-pour-la-cytologie\/#primaryimage"},"image":{"@id":"https:\/\/www.inter-medico.com\/fr\/product\/coloration-pap-pour-la-cytologie\/#primaryimage"},"thumbnailUrl":"https:\/\/www.inter-medico.com\/wp-content\/uploads\/2023\/02\/Image-5-Pap-Stain.jpg","datePublished":"2023-02-07T17:09:08+00:00","dateModified":"2023-06-14T17:37:31+00:00","inLanguage":"fr-FR","potentialAction":[{"@type":"ReadAction","target":["https:\/\/www.inter-medico.com\/fr\/product\/coloration-pap-pour-la-cytologie\/"]}]},{"@type":"ImageObject","inLanguage":"fr-FR","@id":"https:\/\/www.inter-medico.com\/fr\/product\/coloration-pap-pour-la-cytologie\/#primaryimage","url":"https:\/\/www.inter-medico.com\/wp-content\/uploads\/2023\/02\/Image-5-Pap-Stain.jpg","contentUrl":"https:\/\/www.inter-medico.com\/wp-content\/uploads\/2023\/02\/Image-5-Pap-Stain.jpg","width":189,"height":189},{"@type":"WebSite","@id":"https:\/\/www.inter-medico.com\/fr\/#website","url":"https:\/\/www.inter-medico.com\/fr\/","name":"Inter Medico","description":"Focused on Solutions, Innovative Diagnostics","potentialAction":[{"@type":"SearchAction","target":{"@type":"EntryPoint","urlTemplate":"https:\/\/www.inter-medico.com\/fr\/?s={search_term_string}"},"query-input":{"@type":"PropertyValueSpecification","valueRequired":true,"valueName":"search_term_string"}}],"inLanguage":"fr-FR"}]}},"_links":{"self":[{"href":"https:\/\/www.inter-medico.com\/fr\/wp-json\/wp\/v2\/product\/3315","targetHints":{"allow":["GET"]}}],"collection":[{"href":"https:\/\/www.inter-medico.com\/fr\/wp-json\/wp\/v2\/product"}],"about":[{"href":"https:\/\/www.inter-medico.com\/fr\/wp-json\/wp\/v2\/types\/product"}],"wp:featuredmedia":[{"embeddable":true,"href":"https:\/\/www.inter-medico.com\/fr\/wp-json\/wp\/v2\/media\/3036"}],"wp:attachment":[{"href":"https:\/\/www.inter-medico.com\/fr\/wp-json\/wp\/v2\/media?parent=3315"}],"wp:term":[{"taxonomy":"product_cat","embeddable":true,"href":"https:\/\/www.inter-medico.com\/fr\/wp-json\/wp\/v2\/product_cat?post=3315"}],"curies":[{"name":"wp","href":"https:\/\/api.w.org\/{rel}","templated":true}]}}