{"id":3325,"date":"2023-02-07T17:15:07","date_gmt":"2023-02-07T17:15:07","guid":{"rendered":"https:\/\/www.inter-medico.com\/product\/immunohistochemistry-antibodies\/"},"modified":"2024-10-23T14:18:47","modified_gmt":"2024-10-23T14:18:47","slug":"anticorps-immunohistochimie","status":"publish","type":"product","link":"https:\/\/www.inter-medico.com\/fr\/product\/anticorps-immunohistochimie\/","title":{"rendered":"Anticorps d&#8217;Immunohistochimie"},"content":{"rendered":"","protected":false},"excerpt":{"rendered":"<p>La principale force de Biocare Medical repose sur son \u00e9quipe d&#8217;experts in\u00e9gal\u00e9e sur le march\u00e9 de l&#8217;immunohistochimie. Leur mission est de d\u00e9velopper et de vendre des produits dans ce domaine, en fournissant un flux continu de nouveaux produits et en am\u00e9liorant sans rel\u00e2che ce qu&#8217;ils ont d\u00e9j\u00e0 lanc\u00e9.<\/p>\n","protected":false},"featured_media":4281,"template":"","meta":{"_acf_changed":false},"product_cat":[45],"class_list":["post-3325","product","type-product","status-publish","has-post-thumbnail","hentry","product_cat-pathology-fr","entry"],"acf":[],"yoast_head":"<!-- This site is optimized with the Yoast SEO plugin v27.2 - https:\/\/yoast.com\/product\/yoast-seo-wordpress\/ -->\n<title>Anticorps d&#039;Immunohistochimie - Inter Medico<\/title>\n<meta name=\"robots\" content=\"index, follow, max-snippet:-1, max-image-preview:large, max-video-preview:-1\" \/>\n<link rel=\"canonical\" href=\"https:\/\/www.inter-medico.com\/fr\/product\/anticorps-immunohistochimie\/\" \/>\n<meta property=\"og:locale\" content=\"fr_FR\" \/>\n<meta property=\"og:type\" content=\"article\" \/>\n<meta property=\"og:title\" content=\"Anticorps d&#039;Immunohistochimie - Inter Medico\" \/>\n<meta property=\"og:description\" content=\"La principale force de Biocare Medical repose sur son \u00e9quipe d&#039;experts in\u00e9gal\u00e9e sur le march\u00e9 de l&#039;immunohistochimie. Leur mission est de d\u00e9velopper et de vendre des produits dans ce domaine, en fournissant un flux continu de nouveaux produits et en am\u00e9liorant sans rel\u00e2che ce qu&#039;ils ont d\u00e9j\u00e0 lanc\u00e9.\" \/>\n<meta property=\"og:url\" content=\"https:\/\/www.inter-medico.com\/fr\/product\/anticorps-immunohistochimie\/\" \/>\n<meta property=\"og:site_name\" content=\"Inter Medico\" \/>\n<meta property=\"article:modified_time\" content=\"2024-10-23T14:18:47+00:00\" \/>\n<meta property=\"og:image\" content=\"https:\/\/www.inter-medico.com\/wp-content\/uploads\/2023\/02\/Antibody.jpg\" \/>\n\t<meta property=\"og:image:width\" content=\"430\" \/>\n\t<meta property=\"og:image:height\" content=\"323\" \/>\n\t<meta property=\"og:image:type\" content=\"image\/jpeg\" \/>\n<meta name=\"twitter:card\" content=\"summary_large_image\" \/>\n<meta name=\"twitter:label1\" content=\"Est. reading time\" \/>\n\t<meta name=\"twitter:data1\" content=\"2 minutes\" \/>\n<script type=\"application\/ld+json\" class=\"yoast-schema-graph\">{\"@context\":\"https:\/\/schema.org\",\"@graph\":[{\"@type\":\"WebPage\",\"@id\":\"https:\/\/www.inter-medico.com\/fr\/product\/anticorps-immunohistochimie\/\",\"url\":\"https:\/\/www.inter-medico.com\/fr\/product\/anticorps-immunohistochimie\/\",\"name\":\"Anticorps d'Immunohistochimie - Inter Medico\",\"isPartOf\":{\"@id\":\"https:\/\/www.inter-medico.com\/fr\/#website\"},\"primaryImageOfPage\":{\"@id\":\"https:\/\/www.inter-medico.com\/fr\/product\/anticorps-immunohistochimie\/#primaryimage\"},\"image\":{\"@id\":\"https:\/\/www.inter-medico.com\/fr\/product\/anticorps-immunohistochimie\/#primaryimage\"},\"thumbnailUrl\":\"https:\/\/www.inter-medico.com\/wp-content\/uploads\/2023\/02\/Antibody.jpg\",\"datePublished\":\"2023-02-07T17:15:07+00:00\",\"dateModified\":\"2024-10-23T14:18:47+00:00\",\"inLanguage\":\"fr-FR\",\"potentialAction\":[{\"@type\":\"ReadAction\",\"target\":[\"https:\/\/www.inter-medico.com\/fr\/product\/anticorps-immunohistochimie\/\"]}]},{\"@type\":\"ImageObject\",\"inLanguage\":\"fr-FR\",\"@id\":\"https:\/\/www.inter-medico.com\/fr\/product\/anticorps-immunohistochimie\/#primaryimage\",\"url\":\"https:\/\/www.inter-medico.com\/wp-content\/uploads\/2023\/02\/Antibody.jpg\",\"contentUrl\":\"https:\/\/www.inter-medico.com\/wp-content\/uploads\/2023\/02\/Antibody.jpg\",\"width\":430,\"height\":323},{\"@type\":\"WebSite\",\"@id\":\"https:\/\/www.inter-medico.com\/fr\/#website\",\"url\":\"https:\/\/www.inter-medico.com\/fr\/\",\"name\":\"Inter Medico\",\"description\":\"Focused on Solutions, Innovative Diagnostics\",\"potentialAction\":[{\"@type\":\"SearchAction\",\"target\":{\"@type\":\"EntryPoint\",\"urlTemplate\":\"https:\/\/www.inter-medico.com\/fr\/?s={search_term_string}\"},\"query-input\":{\"@type\":\"PropertyValueSpecification\",\"valueRequired\":true,\"valueName\":\"search_term_string\"}}],\"inLanguage\":\"fr-FR\"}]}<\/script>\n<!-- \/ Yoast SEO plugin. -->","yoast_head_json":{"title":"Anticorps d'Immunohistochimie - Inter Medico","robots":{"index":"index","follow":"follow","max-snippet":"max-snippet:-1","max-image-preview":"max-image-preview:large","max-video-preview":"max-video-preview:-1"},"canonical":"https:\/\/www.inter-medico.com\/fr\/product\/anticorps-immunohistochimie\/","og_locale":"fr_FR","og_type":"article","og_title":"Anticorps d'Immunohistochimie - Inter Medico","og_description":"La principale force de Biocare Medical repose sur son \u00e9quipe d'experts in\u00e9gal\u00e9e sur le march\u00e9 de l'immunohistochimie. Leur mission est de d\u00e9velopper et de vendre des produits dans ce domaine, en fournissant un flux continu de nouveaux produits et en am\u00e9liorant sans rel\u00e2che ce qu'ils ont d\u00e9j\u00e0 lanc\u00e9.","og_url":"https:\/\/www.inter-medico.com\/fr\/product\/anticorps-immunohistochimie\/","og_site_name":"Inter Medico","article_modified_time":"2024-10-23T14:18:47+00:00","og_image":[{"width":430,"height":323,"url":"https:\/\/www.inter-medico.com\/wp-content\/uploads\/2023\/02\/Antibody.jpg","type":"image\/jpeg"}],"twitter_card":"summary_large_image","twitter_misc":{"Est. reading time":"2 minutes"},"schema":{"@context":"https:\/\/schema.org","@graph":[{"@type":"WebPage","@id":"https:\/\/www.inter-medico.com\/fr\/product\/anticorps-immunohistochimie\/","url":"https:\/\/www.inter-medico.com\/fr\/product\/anticorps-immunohistochimie\/","name":"Anticorps d'Immunohistochimie - Inter Medico","isPartOf":{"@id":"https:\/\/www.inter-medico.com\/fr\/#website"},"primaryImageOfPage":{"@id":"https:\/\/www.inter-medico.com\/fr\/product\/anticorps-immunohistochimie\/#primaryimage"},"image":{"@id":"https:\/\/www.inter-medico.com\/fr\/product\/anticorps-immunohistochimie\/#primaryimage"},"thumbnailUrl":"https:\/\/www.inter-medico.com\/wp-content\/uploads\/2023\/02\/Antibody.jpg","datePublished":"2023-02-07T17:15:07+00:00","dateModified":"2024-10-23T14:18:47+00:00","inLanguage":"fr-FR","potentialAction":[{"@type":"ReadAction","target":["https:\/\/www.inter-medico.com\/fr\/product\/anticorps-immunohistochimie\/"]}]},{"@type":"ImageObject","inLanguage":"fr-FR","@id":"https:\/\/www.inter-medico.com\/fr\/product\/anticorps-immunohistochimie\/#primaryimage","url":"https:\/\/www.inter-medico.com\/wp-content\/uploads\/2023\/02\/Antibody.jpg","contentUrl":"https:\/\/www.inter-medico.com\/wp-content\/uploads\/2023\/02\/Antibody.jpg","width":430,"height":323},{"@type":"WebSite","@id":"https:\/\/www.inter-medico.com\/fr\/#website","url":"https:\/\/www.inter-medico.com\/fr\/","name":"Inter Medico","description":"Focused on Solutions, Innovative Diagnostics","potentialAction":[{"@type":"SearchAction","target":{"@type":"EntryPoint","urlTemplate":"https:\/\/www.inter-medico.com\/fr\/?s={search_term_string}"},"query-input":{"@type":"PropertyValueSpecification","valueRequired":true,"valueName":"search_term_string"}}],"inLanguage":"fr-FR"}]}},"_links":{"self":[{"href":"https:\/\/www.inter-medico.com\/fr\/wp-json\/wp\/v2\/product\/3325","targetHints":{"allow":["GET"]}}],"collection":[{"href":"https:\/\/www.inter-medico.com\/fr\/wp-json\/wp\/v2\/product"}],"about":[{"href":"https:\/\/www.inter-medico.com\/fr\/wp-json\/wp\/v2\/types\/product"}],"wp:featuredmedia":[{"embeddable":true,"href":"https:\/\/www.inter-medico.com\/fr\/wp-json\/wp\/v2\/media\/4281"}],"wp:attachment":[{"href":"https:\/\/www.inter-medico.com\/fr\/wp-json\/wp\/v2\/media?parent=3325"}],"wp:term":[{"taxonomy":"product_cat","embeddable":true,"href":"https:\/\/www.inter-medico.com\/fr\/wp-json\/wp\/v2\/product_cat?post=3325"}],"curies":[{"name":"wp","href":"https:\/\/api.w.org\/{rel}","templated":true}]}}