{"id":4406,"date":"2023-03-21T03:40:40","date_gmt":"2023-03-21T03:40:40","guid":{"rendered":"https:\/\/www.inter-medico.com\/product\/maxplus-non-dry-ice-plasma-shipper\/"},"modified":"2023-12-07T20:38:56","modified_gmt":"2023-12-07T20:38:56","slug":"maxplus-non-dry-ice-plasma-shipper","status":"publish","type":"product","link":"https:\/\/www.inter-medico.com\/fr\/product\/maxplus-non-dry-ice-plasma-shipper\/","title":{"rendered":"Exp\u00e9diteur MaxPlus Non-Dry Ice Plasma"},"content":{"rendered":"","protected":false},"excerpt":{"rendered":"<p>Les glaci\u00e8res et solutions de stockage polyvalentes de haute qualit\u00e9 de MaxQ sont les seuls produits sur le march\u00e9 sp\u00e9cialement con\u00e7us pour le transport et le stockage internes de produits sanguins dans votre \u00e9tablissement, ou entre sites. Leur construction en plastique durable permet de nombreuses utilisations r\u00e9p\u00e9t\u00e9es, ce qui donne des glaci\u00e8res \u00e9cologiques et faciles \u00e0 d\u00e9sinfecter. Les glaci\u00e8res de sang MaxQ sont pr\u00e9-qualifi\u00e9es, ce qui vous donne confiance dans leurs performances &#8211; des documents de qualification complets sont fournis avec chaque unit\u00e9. Prot\u00e9gez vos produits sanguins pr\u00e9cieux et co\u00fbteux \u00e0 produire et offrez la \u00ab\u00a0tranquillit\u00e9 d&#8217;esprit\u00a0\u00bb \u00e0 votre banque de sang.<\/p>\n","protected":false},"featured_media":3654,"template":"","meta":{"_acf_changed":false},"product_cat":[],"class_list":["post-4406","product","type-product","status-publish","has-post-thumbnail","hentry","entry"],"acf":[],"yoast_head":"<!-- This site is optimized with the Yoast SEO plugin v27.5 - https:\/\/yoast.com\/product\/yoast-seo-wordpress\/ -->\n<title>Exp\u00e9diteur MaxPlus Non-Dry Ice Plasma - Inter Medico<\/title>\n<meta name=\"robots\" content=\"index, follow, max-snippet:-1, max-image-preview:large, max-video-preview:-1\" \/>\n<link rel=\"canonical\" href=\"https:\/\/www.inter-medico.com\/fr\/product\/maxplus-non-dry-ice-plasma-shipper\/\" \/>\n<meta property=\"og:locale\" content=\"fr_FR\" \/>\n<meta property=\"og:type\" content=\"article\" \/>\n<meta property=\"og:title\" content=\"Exp\u00e9diteur MaxPlus Non-Dry Ice Plasma - Inter Medico\" \/>\n<meta property=\"og:description\" content=\"Les glaci\u00e8res et solutions de stockage polyvalentes de haute qualit\u00e9 de MaxQ sont les seuls produits sur le march\u00e9 sp\u00e9cialement con\u00e7us pour le transport et le stockage internes de produits sanguins dans votre \u00e9tablissement, ou entre sites. Leur construction en plastique durable permet de nombreuses utilisations r\u00e9p\u00e9t\u00e9es, ce qui donne des glaci\u00e8res \u00e9cologiques et faciles \u00e0 d\u00e9sinfecter. Les glaci\u00e8res de sang MaxQ sont pr\u00e9-qualifi\u00e9es, ce qui vous donne confiance dans leurs performances - des documents de qualification complets sont fournis avec chaque unit\u00e9. Prot\u00e9gez vos produits sanguins pr\u00e9cieux et co\u00fbteux \u00e0 produire et offrez la \u00ab\u00a0tranquillit\u00e9 d&#039;esprit\u00a0\u00bb \u00e0 votre banque de sang.\" \/>\n<meta property=\"og:url\" content=\"https:\/\/www.inter-medico.com\/fr\/product\/maxplus-non-dry-ice-plasma-shipper\/\" \/>\n<meta property=\"og:site_name\" content=\"Inter Medico\" \/>\n<meta property=\"article:modified_time\" content=\"2023-12-07T20:38:56+00:00\" \/>\n<meta property=\"og:image\" content=\"https:\/\/www.inter-medico.com\/wp-content\/uploads\/2023\/03\/PL13V48-N-Materials.png\" \/>\n\t<meta property=\"og:image:width\" content=\"1960\" \/>\n\t<meta property=\"og:image:height\" content=\"1326\" \/>\n\t<meta property=\"og:image:type\" content=\"image\/png\" \/>\n<meta name=\"twitter:card\" content=\"summary_large_image\" \/>\n<script type=\"application\/ld+json\" class=\"yoast-schema-graph\">{\"@context\":\"https:\\\/\\\/schema.org\",\"@graph\":[{\"@type\":\"WebPage\",\"@id\":\"https:\\\/\\\/www.inter-medico.com\\\/fr\\\/product\\\/maxplus-non-dry-ice-plasma-shipper\\\/\",\"url\":\"https:\\\/\\\/www.inter-medico.com\\\/fr\\\/product\\\/maxplus-non-dry-ice-plasma-shipper\\\/\",\"name\":\"Exp\u00e9diteur MaxPlus Non-Dry Ice Plasma - Inter Medico\",\"isPartOf\":{\"@id\":\"https:\\\/\\\/www.inter-medico.com\\\/fr\\\/#website\"},\"primaryImageOfPage\":{\"@id\":\"https:\\\/\\\/www.inter-medico.com\\\/fr\\\/product\\\/maxplus-non-dry-ice-plasma-shipper\\\/#primaryimage\"},\"image\":{\"@id\":\"https:\\\/\\\/www.inter-medico.com\\\/fr\\\/product\\\/maxplus-non-dry-ice-plasma-shipper\\\/#primaryimage\"},\"thumbnailUrl\":\"https:\\\/\\\/www.inter-medico.com\\\/wp-content\\\/uploads\\\/2023\\\/03\\\/PL13V48-N-Materials.png\",\"datePublished\":\"2023-03-21T03:40:40+00:00\",\"dateModified\":\"2023-12-07T20:38:56+00:00\",\"inLanguage\":\"fr-FR\",\"potentialAction\":[{\"@type\":\"ReadAction\",\"target\":[\"https:\\\/\\\/www.inter-medico.com\\\/fr\\\/product\\\/maxplus-non-dry-ice-plasma-shipper\\\/\"]}]},{\"@type\":\"ImageObject\",\"inLanguage\":\"fr-FR\",\"@id\":\"https:\\\/\\\/www.inter-medico.com\\\/fr\\\/product\\\/maxplus-non-dry-ice-plasma-shipper\\\/#primaryimage\",\"url\":\"https:\\\/\\\/www.inter-medico.com\\\/wp-content\\\/uploads\\\/2023\\\/03\\\/PL13V48-N-Materials.png\",\"contentUrl\":\"https:\\\/\\\/www.inter-medico.com\\\/wp-content\\\/uploads\\\/2023\\\/03\\\/PL13V48-N-Materials.png\",\"width\":1960,\"height\":1326},{\"@type\":\"WebSite\",\"@id\":\"https:\\\/\\\/www.inter-medico.com\\\/fr\\\/#website\",\"url\":\"https:\\\/\\\/www.inter-medico.com\\\/fr\\\/\",\"name\":\"Inter Medico\",\"description\":\"Focused on Solutions, Innovative Diagnostics\",\"potentialAction\":[{\"@type\":\"SearchAction\",\"target\":{\"@type\":\"EntryPoint\",\"urlTemplate\":\"https:\\\/\\\/www.inter-medico.com\\\/fr\\\/?s={search_term_string}\"},\"query-input\":{\"@type\":\"PropertyValueSpecification\",\"valueRequired\":true,\"valueName\":\"search_term_string\"}}],\"inLanguage\":\"fr-FR\"}]}<\/script>\n<!-- \/ Yoast SEO plugin. -->","yoast_head_json":{"title":"Exp\u00e9diteur MaxPlus Non-Dry Ice Plasma - Inter Medico","robots":{"index":"index","follow":"follow","max-snippet":"max-snippet:-1","max-image-preview":"max-image-preview:large","max-video-preview":"max-video-preview:-1"},"canonical":"https:\/\/www.inter-medico.com\/fr\/product\/maxplus-non-dry-ice-plasma-shipper\/","og_locale":"fr_FR","og_type":"article","og_title":"Exp\u00e9diteur MaxPlus Non-Dry Ice Plasma - Inter Medico","og_description":"Les glaci\u00e8res et solutions de stockage polyvalentes de haute qualit\u00e9 de MaxQ sont les seuls produits sur le march\u00e9 sp\u00e9cialement con\u00e7us pour le transport et le stockage internes de produits sanguins dans votre \u00e9tablissement, ou entre sites. Leur construction en plastique durable permet de nombreuses utilisations r\u00e9p\u00e9t\u00e9es, ce qui donne des glaci\u00e8res \u00e9cologiques et faciles \u00e0 d\u00e9sinfecter. Les glaci\u00e8res de sang MaxQ sont pr\u00e9-qualifi\u00e9es, ce qui vous donne confiance dans leurs performances - des documents de qualification complets sont fournis avec chaque unit\u00e9. Prot\u00e9gez vos produits sanguins pr\u00e9cieux et co\u00fbteux \u00e0 produire et offrez la \u00ab\u00a0tranquillit\u00e9 d'esprit\u00a0\u00bb \u00e0 votre banque de sang.","og_url":"https:\/\/www.inter-medico.com\/fr\/product\/maxplus-non-dry-ice-plasma-shipper\/","og_site_name":"Inter Medico","article_modified_time":"2023-12-07T20:38:56+00:00","og_image":[{"width":1960,"height":1326,"url":"https:\/\/www.inter-medico.com\/wp-content\/uploads\/2023\/03\/PL13V48-N-Materials.png","type":"image\/png"}],"twitter_card":"summary_large_image","schema":{"@context":"https:\/\/schema.org","@graph":[{"@type":"WebPage","@id":"https:\/\/www.inter-medico.com\/fr\/product\/maxplus-non-dry-ice-plasma-shipper\/","url":"https:\/\/www.inter-medico.com\/fr\/product\/maxplus-non-dry-ice-plasma-shipper\/","name":"Exp\u00e9diteur MaxPlus Non-Dry Ice Plasma - Inter Medico","isPartOf":{"@id":"https:\/\/www.inter-medico.com\/fr\/#website"},"primaryImageOfPage":{"@id":"https:\/\/www.inter-medico.com\/fr\/product\/maxplus-non-dry-ice-plasma-shipper\/#primaryimage"},"image":{"@id":"https:\/\/www.inter-medico.com\/fr\/product\/maxplus-non-dry-ice-plasma-shipper\/#primaryimage"},"thumbnailUrl":"https:\/\/www.inter-medico.com\/wp-content\/uploads\/2023\/03\/PL13V48-N-Materials.png","datePublished":"2023-03-21T03:40:40+00:00","dateModified":"2023-12-07T20:38:56+00:00","inLanguage":"fr-FR","potentialAction":[{"@type":"ReadAction","target":["https:\/\/www.inter-medico.com\/fr\/product\/maxplus-non-dry-ice-plasma-shipper\/"]}]},{"@type":"ImageObject","inLanguage":"fr-FR","@id":"https:\/\/www.inter-medico.com\/fr\/product\/maxplus-non-dry-ice-plasma-shipper\/#primaryimage","url":"https:\/\/www.inter-medico.com\/wp-content\/uploads\/2023\/03\/PL13V48-N-Materials.png","contentUrl":"https:\/\/www.inter-medico.com\/wp-content\/uploads\/2023\/03\/PL13V48-N-Materials.png","width":1960,"height":1326},{"@type":"WebSite","@id":"https:\/\/www.inter-medico.com\/fr\/#website","url":"https:\/\/www.inter-medico.com\/fr\/","name":"Inter Medico","description":"Focused on Solutions, Innovative Diagnostics","potentialAction":[{"@type":"SearchAction","target":{"@type":"EntryPoint","urlTemplate":"https:\/\/www.inter-medico.com\/fr\/?s={search_term_string}"},"query-input":{"@type":"PropertyValueSpecification","valueRequired":true,"valueName":"search_term_string"}}],"inLanguage":"fr-FR"}]}},"_links":{"self":[{"href":"https:\/\/www.inter-medico.com\/fr\/wp-json\/wp\/v2\/product\/4406","targetHints":{"allow":["GET"]}}],"collection":[{"href":"https:\/\/www.inter-medico.com\/fr\/wp-json\/wp\/v2\/product"}],"about":[{"href":"https:\/\/www.inter-medico.com\/fr\/wp-json\/wp\/v2\/types\/product"}],"wp:featuredmedia":[{"embeddable":true,"href":"https:\/\/www.inter-medico.com\/fr\/wp-json\/wp\/v2\/media\/3654"}],"wp:attachment":[{"href":"https:\/\/www.inter-medico.com\/fr\/wp-json\/wp\/v2\/media?parent=4406"}],"wp:term":[{"taxonomy":"product_cat","embeddable":true,"href":"https:\/\/www.inter-medico.com\/fr\/wp-json\/wp\/v2\/product_cat?post=4406"}],"curies":[{"name":"wp","href":"https:\/\/api.w.org\/{rel}","templated":true}]}}