{"id":4650,"date":"2023-08-18T19:15:26","date_gmt":"2023-08-18T19:15:26","guid":{"rendered":"https:\/\/www.inter-medico.com\/product\/coloscreen-and-coloscreen-es\/"},"modified":"2023-12-07T15:18:03","modified_gmt":"2023-12-07T15:18:03","slug":"coloscreen-et-coloscreen-es","status":"publish","type":"product","link":"https:\/\/www.inter-medico.com\/fr\/product\/coloscreen-et-coloscreen-es\/","title":{"rendered":"Helena ColoScreen et ColoScreen-ES"},"content":{"rendered":"","protected":false},"excerpt":{"rendered":"<p>ColoScreen &#038; ColoScreen-ES sont des tests \u00e0 base de bois de ga\u00efac pour la d\u00e9tection de la pr\u00e9sence de sang dans les selles. Ils sont utilis\u00e9s pour supporter le diagnostic d\u2019un bon nombre de pathologies grastointestinales.<\/p>\n","protected":false},"featured_media":4649,"template":"","meta":{"_acf_changed":false},"product_cat":[40],"class_list":["post-4650","product","type-product","status-publish","has-post-thumbnail","hentry","product_cat-clinical-biochemistry-fr","entry"],"acf":[],"yoast_head":"<!-- This site is optimized with the Yoast SEO plugin v27.2 - https:\/\/yoast.com\/product\/yoast-seo-wordpress\/ -->\n<title>Helena ColoScreen et ColoScreen-ES - Inter Medico<\/title>\n<meta name=\"robots\" content=\"index, follow, max-snippet:-1, max-image-preview:large, max-video-preview:-1\" \/>\n<link rel=\"canonical\" href=\"https:\/\/www.inter-medico.com\/fr\/product\/coloscreen-et-coloscreen-es\/\" \/>\n<meta property=\"og:locale\" content=\"fr_FR\" \/>\n<meta property=\"og:type\" content=\"article\" \/>\n<meta property=\"og:title\" content=\"Helena ColoScreen et ColoScreen-ES - Inter Medico\" \/>\n<meta property=\"og:description\" content=\"ColoScreen &amp; ColoScreen-ES sont des tests \u00e0 base de bois de ga\u00efac pour la d\u00e9tection de la pr\u00e9sence de sang dans les selles. Ils sont utilis\u00e9s pour supporter le diagnostic d\u2019un bon nombre de pathologies grastointestinales.\" \/>\n<meta property=\"og:url\" content=\"https:\/\/www.inter-medico.com\/fr\/product\/coloscreen-et-coloscreen-es\/\" \/>\n<meta property=\"og:site_name\" content=\"Inter Medico\" \/>\n<meta property=\"article:modified_time\" content=\"2023-12-07T15:18:03+00:00\" \/>\n<meta property=\"og:image\" content=\"https:\/\/www.inter-medico.com\/wp-content\/uploads\/2023\/08\/Picture2.png\" \/>\n\t<meta property=\"og:image:width\" content=\"402\" \/>\n\t<meta property=\"og:image:height\" content=\"265\" \/>\n\t<meta property=\"og:image:type\" content=\"image\/png\" \/>\n<meta name=\"twitter:card\" content=\"summary_large_image\" \/>\n<script type=\"application\/ld+json\" class=\"yoast-schema-graph\">{\"@context\":\"https:\/\/schema.org\",\"@graph\":[{\"@type\":\"WebPage\",\"@id\":\"https:\/\/www.inter-medico.com\/fr\/product\/coloscreen-et-coloscreen-es\/\",\"url\":\"https:\/\/www.inter-medico.com\/fr\/product\/coloscreen-et-coloscreen-es\/\",\"name\":\"Helena ColoScreen et ColoScreen-ES - Inter Medico\",\"isPartOf\":{\"@id\":\"https:\/\/www.inter-medico.com\/fr\/#website\"},\"primaryImageOfPage\":{\"@id\":\"https:\/\/www.inter-medico.com\/fr\/product\/coloscreen-et-coloscreen-es\/#primaryimage\"},\"image\":{\"@id\":\"https:\/\/www.inter-medico.com\/fr\/product\/coloscreen-et-coloscreen-es\/#primaryimage\"},\"thumbnailUrl\":\"https:\/\/www.inter-medico.com\/wp-content\/uploads\/2023\/08\/Picture2.png\",\"datePublished\":\"2023-08-18T19:15:26+00:00\",\"dateModified\":\"2023-12-07T15:18:03+00:00\",\"inLanguage\":\"fr-FR\",\"potentialAction\":[{\"@type\":\"ReadAction\",\"target\":[\"https:\/\/www.inter-medico.com\/fr\/product\/coloscreen-et-coloscreen-es\/\"]}]},{\"@type\":\"ImageObject\",\"inLanguage\":\"fr-FR\",\"@id\":\"https:\/\/www.inter-medico.com\/fr\/product\/coloscreen-et-coloscreen-es\/#primaryimage\",\"url\":\"https:\/\/www.inter-medico.com\/wp-content\/uploads\/2023\/08\/Picture2.png\",\"contentUrl\":\"https:\/\/www.inter-medico.com\/wp-content\/uploads\/2023\/08\/Picture2.png\",\"width\":402,\"height\":265},{\"@type\":\"WebSite\",\"@id\":\"https:\/\/www.inter-medico.com\/fr\/#website\",\"url\":\"https:\/\/www.inter-medico.com\/fr\/\",\"name\":\"Inter Medico\",\"description\":\"Focused on Solutions, Innovative Diagnostics\",\"potentialAction\":[{\"@type\":\"SearchAction\",\"target\":{\"@type\":\"EntryPoint\",\"urlTemplate\":\"https:\/\/www.inter-medico.com\/fr\/?s={search_term_string}\"},\"query-input\":{\"@type\":\"PropertyValueSpecification\",\"valueRequired\":true,\"valueName\":\"search_term_string\"}}],\"inLanguage\":\"fr-FR\"}]}<\/script>\n<!-- \/ Yoast SEO plugin. -->","yoast_head_json":{"title":"Helena ColoScreen et ColoScreen-ES - Inter Medico","robots":{"index":"index","follow":"follow","max-snippet":"max-snippet:-1","max-image-preview":"max-image-preview:large","max-video-preview":"max-video-preview:-1"},"canonical":"https:\/\/www.inter-medico.com\/fr\/product\/coloscreen-et-coloscreen-es\/","og_locale":"fr_FR","og_type":"article","og_title":"Helena ColoScreen et ColoScreen-ES - Inter Medico","og_description":"ColoScreen & ColoScreen-ES sont des tests \u00e0 base de bois de ga\u00efac pour la d\u00e9tection de la pr\u00e9sence de sang dans les selles. Ils sont utilis\u00e9s pour supporter le diagnostic d\u2019un bon nombre de pathologies grastointestinales.","og_url":"https:\/\/www.inter-medico.com\/fr\/product\/coloscreen-et-coloscreen-es\/","og_site_name":"Inter Medico","article_modified_time":"2023-12-07T15:18:03+00:00","og_image":[{"width":402,"height":265,"url":"https:\/\/www.inter-medico.com\/wp-content\/uploads\/2023\/08\/Picture2.png","type":"image\/png"}],"twitter_card":"summary_large_image","schema":{"@context":"https:\/\/schema.org","@graph":[{"@type":"WebPage","@id":"https:\/\/www.inter-medico.com\/fr\/product\/coloscreen-et-coloscreen-es\/","url":"https:\/\/www.inter-medico.com\/fr\/product\/coloscreen-et-coloscreen-es\/","name":"Helena ColoScreen et ColoScreen-ES - Inter Medico","isPartOf":{"@id":"https:\/\/www.inter-medico.com\/fr\/#website"},"primaryImageOfPage":{"@id":"https:\/\/www.inter-medico.com\/fr\/product\/coloscreen-et-coloscreen-es\/#primaryimage"},"image":{"@id":"https:\/\/www.inter-medico.com\/fr\/product\/coloscreen-et-coloscreen-es\/#primaryimage"},"thumbnailUrl":"https:\/\/www.inter-medico.com\/wp-content\/uploads\/2023\/08\/Picture2.png","datePublished":"2023-08-18T19:15:26+00:00","dateModified":"2023-12-07T15:18:03+00:00","inLanguage":"fr-FR","potentialAction":[{"@type":"ReadAction","target":["https:\/\/www.inter-medico.com\/fr\/product\/coloscreen-et-coloscreen-es\/"]}]},{"@type":"ImageObject","inLanguage":"fr-FR","@id":"https:\/\/www.inter-medico.com\/fr\/product\/coloscreen-et-coloscreen-es\/#primaryimage","url":"https:\/\/www.inter-medico.com\/wp-content\/uploads\/2023\/08\/Picture2.png","contentUrl":"https:\/\/www.inter-medico.com\/wp-content\/uploads\/2023\/08\/Picture2.png","width":402,"height":265},{"@type":"WebSite","@id":"https:\/\/www.inter-medico.com\/fr\/#website","url":"https:\/\/www.inter-medico.com\/fr\/","name":"Inter Medico","description":"Focused on Solutions, Innovative Diagnostics","potentialAction":[{"@type":"SearchAction","target":{"@type":"EntryPoint","urlTemplate":"https:\/\/www.inter-medico.com\/fr\/?s={search_term_string}"},"query-input":{"@type":"PropertyValueSpecification","valueRequired":true,"valueName":"search_term_string"}}],"inLanguage":"fr-FR"}]}},"_links":{"self":[{"href":"https:\/\/www.inter-medico.com\/fr\/wp-json\/wp\/v2\/product\/4650","targetHints":{"allow":["GET"]}}],"collection":[{"href":"https:\/\/www.inter-medico.com\/fr\/wp-json\/wp\/v2\/product"}],"about":[{"href":"https:\/\/www.inter-medico.com\/fr\/wp-json\/wp\/v2\/types\/product"}],"wp:featuredmedia":[{"embeddable":true,"href":"https:\/\/www.inter-medico.com\/fr\/wp-json\/wp\/v2\/media\/4649"}],"wp:attachment":[{"href":"https:\/\/www.inter-medico.com\/fr\/wp-json\/wp\/v2\/media?parent=4650"}],"wp:term":[{"taxonomy":"product_cat","embeddable":true,"href":"https:\/\/www.inter-medico.com\/fr\/wp-json\/wp\/v2\/product_cat?post=4650"}],"curies":[{"name":"wp","href":"https:\/\/api.w.org\/{rel}","templated":true}]}}