{"id":4702,"date":"2023-09-14T16:15:32","date_gmt":"2023-09-14T16:15:32","guid":{"rendered":"https:\/\/www.inter-medico.com\/product\/biocartis-idylla-test-menu\/"},"modified":"2023-12-08T18:40:50","modified_gmt":"2023-12-08T18:40:50","slug":"menu-des-tests-biocartis-idylla","status":"publish","type":"product","link":"https:\/\/www.inter-medico.com\/fr\/product\/menu-des-tests-biocartis-idylla\/","title":{"rendered":"Menu des tests Biocartis Idylla\u2122"},"content":{"rendered":"","protected":false},"excerpt":{"rendered":"<p>La solution Idylla\u2122 est un syst\u00e8me r\u00e9volutionnaire de tests mol\u00e9culaires, enti\u00e8rement automatis\u00e9, con\u00e7u pour offrir des r\u00e9sultats en 3 heures, r\u00e9duisant le d\u00e9lai entre l&#8217;\u00e9chantillon et le d\u00e9but du traitement \u00e0 1 ou 2 jours.<\/p>\n","protected":false},"featured_media":4701,"template":"","meta":{"_acf_changed":false},"product_cat":[44],"class_list":["post-4702","product","type-product","status-publish","has-post-thumbnail","hentry","product_cat-molecular-fr","entry"],"acf":[],"yoast_head":"<!-- This site is optimized with the Yoast SEO plugin v27.2 - https:\/\/yoast.com\/product\/yoast-seo-wordpress\/ -->\n<title>Menu des tests Biocartis Idylla\u2122 - Inter Medico<\/title>\n<meta name=\"robots\" content=\"index, follow, max-snippet:-1, max-image-preview:large, max-video-preview:-1\" \/>\n<link rel=\"canonical\" href=\"https:\/\/www.inter-medico.com\/fr\/product\/menu-des-tests-biocartis-idylla\/\" \/>\n<meta property=\"og:locale\" content=\"fr_FR\" \/>\n<meta property=\"og:type\" content=\"article\" \/>\n<meta property=\"og:title\" content=\"Menu des tests Biocartis Idylla\u2122 - Inter Medico\" \/>\n<meta property=\"og:description\" content=\"La solution Idylla\u2122 est un syst\u00e8me r\u00e9volutionnaire de tests mol\u00e9culaires, enti\u00e8rement automatis\u00e9, con\u00e7u pour offrir des r\u00e9sultats en 3 heures, r\u00e9duisant le d\u00e9lai entre l&#039;\u00e9chantillon et le d\u00e9but du traitement \u00e0 1 ou 2 jours.\" \/>\n<meta property=\"og:url\" content=\"https:\/\/www.inter-medico.com\/fr\/product\/menu-des-tests-biocartis-idylla\/\" \/>\n<meta property=\"og:site_name\" content=\"Inter Medico\" \/>\n<meta property=\"article:modified_time\" content=\"2023-12-08T18:40:50+00:00\" \/>\n<meta property=\"og:image\" content=\"https:\/\/www.inter-medico.com\/wp-content\/uploads\/2023\/09\/Cartrige.jpg\" \/>\n\t<meta property=\"og:image:width\" content=\"720\" \/>\n\t<meta property=\"og:image:height\" content=\"438\" \/>\n\t<meta property=\"og:image:type\" content=\"image\/jpeg\" \/>\n<meta name=\"twitter:card\" content=\"summary_large_image\" \/>\n<script type=\"application\/ld+json\" class=\"yoast-schema-graph\">{\"@context\":\"https:\/\/schema.org\",\"@graph\":[{\"@type\":\"WebPage\",\"@id\":\"https:\/\/www.inter-medico.com\/fr\/product\/menu-des-tests-biocartis-idylla\/\",\"url\":\"https:\/\/www.inter-medico.com\/fr\/product\/menu-des-tests-biocartis-idylla\/\",\"name\":\"Menu des tests Biocartis Idylla\u2122 - Inter Medico\",\"isPartOf\":{\"@id\":\"https:\/\/www.inter-medico.com\/fr\/#website\"},\"primaryImageOfPage\":{\"@id\":\"https:\/\/www.inter-medico.com\/fr\/product\/menu-des-tests-biocartis-idylla\/#primaryimage\"},\"image\":{\"@id\":\"https:\/\/www.inter-medico.com\/fr\/product\/menu-des-tests-biocartis-idylla\/#primaryimage\"},\"thumbnailUrl\":\"https:\/\/www.inter-medico.com\/wp-content\/uploads\/2023\/09\/Cartrige.jpg\",\"datePublished\":\"2023-09-14T16:15:32+00:00\",\"dateModified\":\"2023-12-08T18:40:50+00:00\",\"inLanguage\":\"fr-FR\",\"potentialAction\":[{\"@type\":\"ReadAction\",\"target\":[\"https:\/\/www.inter-medico.com\/fr\/product\/menu-des-tests-biocartis-idylla\/\"]}]},{\"@type\":\"ImageObject\",\"inLanguage\":\"fr-FR\",\"@id\":\"https:\/\/www.inter-medico.com\/fr\/product\/menu-des-tests-biocartis-idylla\/#primaryimage\",\"url\":\"https:\/\/www.inter-medico.com\/wp-content\/uploads\/2023\/09\/Cartrige.jpg\",\"contentUrl\":\"https:\/\/www.inter-medico.com\/wp-content\/uploads\/2023\/09\/Cartrige.jpg\",\"width\":720,\"height\":438},{\"@type\":\"WebSite\",\"@id\":\"https:\/\/www.inter-medico.com\/fr\/#website\",\"url\":\"https:\/\/www.inter-medico.com\/fr\/\",\"name\":\"Inter Medico\",\"description\":\"Focused on Solutions, Innovative Diagnostics\",\"potentialAction\":[{\"@type\":\"SearchAction\",\"target\":{\"@type\":\"EntryPoint\",\"urlTemplate\":\"https:\/\/www.inter-medico.com\/fr\/?s={search_term_string}\"},\"query-input\":{\"@type\":\"PropertyValueSpecification\",\"valueRequired\":true,\"valueName\":\"search_term_string\"}}],\"inLanguage\":\"fr-FR\"}]}<\/script>\n<!-- \/ Yoast SEO plugin. -->","yoast_head_json":{"title":"Menu des tests Biocartis Idylla\u2122 - Inter Medico","robots":{"index":"index","follow":"follow","max-snippet":"max-snippet:-1","max-image-preview":"max-image-preview:large","max-video-preview":"max-video-preview:-1"},"canonical":"https:\/\/www.inter-medico.com\/fr\/product\/menu-des-tests-biocartis-idylla\/","og_locale":"fr_FR","og_type":"article","og_title":"Menu des tests Biocartis Idylla\u2122 - Inter Medico","og_description":"La solution Idylla\u2122 est un syst\u00e8me r\u00e9volutionnaire de tests mol\u00e9culaires, enti\u00e8rement automatis\u00e9, con\u00e7u pour offrir des r\u00e9sultats en 3 heures, r\u00e9duisant le d\u00e9lai entre l'\u00e9chantillon et le d\u00e9but du traitement \u00e0 1 ou 2 jours.","og_url":"https:\/\/www.inter-medico.com\/fr\/product\/menu-des-tests-biocartis-idylla\/","og_site_name":"Inter Medico","article_modified_time":"2023-12-08T18:40:50+00:00","og_image":[{"width":720,"height":438,"url":"https:\/\/www.inter-medico.com\/wp-content\/uploads\/2023\/09\/Cartrige.jpg","type":"image\/jpeg"}],"twitter_card":"summary_large_image","schema":{"@context":"https:\/\/schema.org","@graph":[{"@type":"WebPage","@id":"https:\/\/www.inter-medico.com\/fr\/product\/menu-des-tests-biocartis-idylla\/","url":"https:\/\/www.inter-medico.com\/fr\/product\/menu-des-tests-biocartis-idylla\/","name":"Menu des tests Biocartis Idylla\u2122 - Inter Medico","isPartOf":{"@id":"https:\/\/www.inter-medico.com\/fr\/#website"},"primaryImageOfPage":{"@id":"https:\/\/www.inter-medico.com\/fr\/product\/menu-des-tests-biocartis-idylla\/#primaryimage"},"image":{"@id":"https:\/\/www.inter-medico.com\/fr\/product\/menu-des-tests-biocartis-idylla\/#primaryimage"},"thumbnailUrl":"https:\/\/www.inter-medico.com\/wp-content\/uploads\/2023\/09\/Cartrige.jpg","datePublished":"2023-09-14T16:15:32+00:00","dateModified":"2023-12-08T18:40:50+00:00","inLanguage":"fr-FR","potentialAction":[{"@type":"ReadAction","target":["https:\/\/www.inter-medico.com\/fr\/product\/menu-des-tests-biocartis-idylla\/"]}]},{"@type":"ImageObject","inLanguage":"fr-FR","@id":"https:\/\/www.inter-medico.com\/fr\/product\/menu-des-tests-biocartis-idylla\/#primaryimage","url":"https:\/\/www.inter-medico.com\/wp-content\/uploads\/2023\/09\/Cartrige.jpg","contentUrl":"https:\/\/www.inter-medico.com\/wp-content\/uploads\/2023\/09\/Cartrige.jpg","width":720,"height":438},{"@type":"WebSite","@id":"https:\/\/www.inter-medico.com\/fr\/#website","url":"https:\/\/www.inter-medico.com\/fr\/","name":"Inter Medico","description":"Focused on Solutions, Innovative Diagnostics","potentialAction":[{"@type":"SearchAction","target":{"@type":"EntryPoint","urlTemplate":"https:\/\/www.inter-medico.com\/fr\/?s={search_term_string}"},"query-input":{"@type":"PropertyValueSpecification","valueRequired":true,"valueName":"search_term_string"}}],"inLanguage":"fr-FR"}]}},"_links":{"self":[{"href":"https:\/\/www.inter-medico.com\/fr\/wp-json\/wp\/v2\/product\/4702","targetHints":{"allow":["GET"]}}],"collection":[{"href":"https:\/\/www.inter-medico.com\/fr\/wp-json\/wp\/v2\/product"}],"about":[{"href":"https:\/\/www.inter-medico.com\/fr\/wp-json\/wp\/v2\/types\/product"}],"wp:featuredmedia":[{"embeddable":true,"href":"https:\/\/www.inter-medico.com\/fr\/wp-json\/wp\/v2\/media\/4701"}],"wp:attachment":[{"href":"https:\/\/www.inter-medico.com\/fr\/wp-json\/wp\/v2\/media?parent=4702"}],"wp:term":[{"taxonomy":"product_cat","embeddable":true,"href":"https:\/\/www.inter-medico.com\/fr\/wp-json\/wp\/v2\/product_cat?post=4702"}],"curies":[{"name":"wp","href":"https:\/\/api.w.org\/{rel}","templated":true}]}}